{"id":3517,"date":"2024-03-01T21:52:03","date_gmt":"2024-03-01T21:52:03","guid":{"rendered":"http:\/\/bbdekorandmore.at\/?post_type=product&#038;p=3517"},"modified":"2024-03-01T21:59:09","modified_gmt":"2024-03-01T21:59:09","slug":"kaninchen-mit-schleife","status":"publish","type":"product","link":"https:\/\/bbdekorandmore.at\/hu\/produkt\/kaninchen-mit-schleife\/","title":{"rendered":"Ny\u00fal masnival"},"content":{"rendered":"<p data-sourcepos=\"3:1-3:24\">Term\u00e9kle\u00edr\u00e1s:<\/p>\n<p data-sourcepos=\"5:1-5:346\">Verleihen Sie Ihrem Zuhause einen Hauch von Ostern und Fr\u00fchlingszauber mit dem bezaubernden &#8222;Kaninchen mit Schleife (gro\u00df)&#8220; der Marke Clayre &amp; Eef. Ein entz\u00fcckendes Kaninchen in strahlendem Braun mit einer gro\u00dfen gr\u00fcne Schleife bringt mit seinem detailverliebten Design und zarten Details pure Freude und \u00f6sterliche Stimmung in Ihre Dekoration.<\/p>\n<p data-sourcepos=\"15:1-15:23\">K\u00fcl\u00f6nleges jellemz\u0151k:<\/p>\n<ul data-sourcepos=\"17:1-22:0\">\n<li data-sourcepos=\"17:1-17:157\">Fr\u00fchlingshaftes Design: Das gro\u00dfe braune Kaninchen mit einer gro\u00dfen gr\u00fcne Schleife verspr\u00fcht \u00f6sterliche Freude und Fr\u00fchlingsgef\u00fchle.<\/li>\n<li data-sourcepos=\"18:1-18:102\">Kiv\u00e1l\u00f3 min\u0151s\u00e9g\u0171 anyagok: A polirezin biztos\u00edtja, hogy a figura robusztus \u00e9s tart\u00f3s legyen.<\/li>\n<li data-sourcepos=\"19:1-19:166\">Liebevolle Details: Die detailreiche Gestaltung des Kaninchens und der Schleife zeugt von der hohen Qualit\u00e4t der Clayre &amp; Eef Produkte.<\/li>\n<li data-sourcepos=\"20:1-20:167\">Fr\u00fchlingshafte Farben: Das strahlende Braun der Figur und die zarte gr\u00fcne Schleife unterstreichen den \u00f6sterlichen Charakter und bringen Frische in Ihre Dekoration.<\/li>\n<li data-sourcepos=\"21:1-22:0\">Ide\u00e1lis h\u00fasv\u00e9ti dekor\u00e1ci\u00f3: A figura ide\u00e1lis a nappalik, t\u00e9likertek \u00e9s el\u0151szob\u00e1k d\u00edsz\u00edt\u00e9s\u00e9re a h\u00fasv\u00e9ti id\u0151szakban.<\/li>\n<\/ul>\n<p data-sourcepos=\"23:1-23:25\">Lehets\u00e9ges felhaszn\u00e1l\u00e1si ter\u00fcletek:<\/p>\n<ul data-sourcepos=\"25:1-28:0\">\n<li data-sourcepos=\"25:1-25:121\">Dekor\u00e1ci\u00f3: A figura ide\u00e1lis a nappalik, t\u00e9likertek \u00e9s el\u0151szob\u00e1k d\u00edsz\u00edt\u00e9s\u00e9re a h\u00fasv\u00e9ti id\u0151szakban.<\/li>\n<li data-sourcepos=\"26:1-26:94\">Aj\u00e1nd\u00e9k: T\u00f6k\u00e9letes aj\u00e1nd\u00e9k gyerekeknek, \u00e1llatbar\u00e1toknak \u00e9s Clayre &amp; Eef rajong\u00f3knak.<\/li>\n<li data-sourcepos=\"27:1-28:0\">Gy\u0171jt\u0151i darab: Ez a figura remek gy\u0171jt\u0151i darab a j\u00e1t\u00e9kos d\u00edsz\u00edt\u0151elemek kedvel\u0151inek.<\/li>\n<\/ul>\n<p data-sourcepos=\"29:1-29:13\">Megjegyz\u00e9sek:<\/p>\n<ul data-sourcepos=\"31:1-33:0\">\n<li data-sourcepos=\"31:1-31:57\">A figura nem alkalmas 3 \u00e9v alatti gyermekek sz\u00e1m\u00e1ra.<\/li>\n<li data-sourcepos=\"32:1-33:0\">Dekor\u00e1ci\u00f3s t\u00e1rgyak - nem j\u00e1t\u00e9kok.<\/li>\n<\/ul>","protected":false},"excerpt":{"rendered":"<p>Adjon egy csipetnyi tavaszt a h\u00fasv\u00e9ti dekor\u00e1ci\u00f3j\u00e1hoz a Clayre &amp; Eef \"Ny\u00fal masnival (nagy)\"-j\u00e1val.<\/p>\n<p data-sourcepos=\"7:1-7:21\">Tov\u00e1bbi inform\u00e1ci\u00f3k:<\/p>\n<ul data-sourcepos=\"9:1-14:0\">\n<li data-sourcepos=\"9:1-9:29\">M\u00e1rka: Clayre &amp;Eef<\/li>\n<li data-sourcepos=\"10:1-10:25\">Anyag: polirezin<\/li>\n<li data-sourcepos=\"11:1-11:28\">M\u00e9ret: 15 x 21 x 48 cm<\/li>\n<li data-sourcepos=\"12:1-12:35\">Farbe: Wei\u00df mit gr\u00fcne Schleife<\/li>\n<li data-sourcepos=\"13:1-14:0\">A csomag tartalma: 1x ny\u00fal masnival (nagy)<\/li>\n<\/ul>\n<p> <a class=\"continue\" href=\"https:\/\/bbdekorandmore.at\/hu\/produkt\/kaninchen-mit-schleife\/\">Continue Reading<span> Ny\u00fal masnival<\/span><\/a><\/p>","protected":false},"featured_media":3496,"comment_status":"open","ping_status":"closed","template":"","meta":{"site-sidebar-layout":"default","site-content-layout":"","ast-site-content-layout":"default","site-content-style":"default","site-sidebar-style":"default","ast-global-header-display":"","ast-banner-title-visibility":"","ast-main-header-display":"","ast-hfb-above-header-display":"","ast-hfb-below-header-display":"","ast-hfb-mobile-header-display":"","site-post-title":"","ast-breadcrumbs-content":"","ast-featured-img":"","footer-sml-layout":"","ast-disable-related-posts":"","theme-transparent-header-meta":"default","adv-header-id-meta":"","stick-header-meta":"","header-above-stick-meta":"","header-main-stick-meta":"","header-below-stick-meta":"","astra-migrate-meta-layouts":"set","ast-page-background-enabled":"default","ast-page-background-meta":{"desktop":{"background-color":"var(--ast-global-color-4)","background-image":"","background-repeat":"repeat","background-position":"center center","background-size":"auto","background-attachment":"scroll","background-type":"","background-media":"","overlay-type":"","overlay-color":"","overlay-opacity":"","overlay-gradient":""},"tablet":{"background-color":"","background-image":"","background-repeat":"repeat","background-position":"center center","background-size":"auto","background-attachment":"scroll","background-type":"","background-media":"","overlay-type":"","overlay-color":"","overlay-opacity":"","overlay-gradient":""},"mobile":{"background-color":"","background-image":"","background-repeat":"repeat","background-position":"center center","background-size":"auto","background-attachment":"scroll","background-type":"","background-media":"","overlay-type":"","overlay-color":"","overlay-opacity":"","overlay-gradient":""}},"ast-content-background-meta":{"desktop":{"background-color":"var(--ast-global-color-5)","background-image":"","background-repeat":"repeat","background-position":"center center","background-size":"auto","background-attachment":"scroll","background-type":"","background-media":"","overlay-type":"","overlay-color":"","overlay-opacity":"","overlay-gradient":""},"tablet":{"background-color":"var(--ast-global-color-5)","background-image":"","background-repeat":"repeat","background-position":"center center","background-size":"auto","background-attachment":"scroll","background-type":"","background-media":"","overlay-type":"","overlay-color":"","overlay-opacity":"","overlay-gradient":""},"mobile":{"background-color":"var(--ast-global-color-5)","background-image":"","background-repeat":"repeat","background-position":"center center","background-size":"auto","background-attachment":"scroll","background-type":"","background-media":"","overlay-type":"","overlay-color":"","overlay-opacity":"","overlay-gradient":""}}},"product_brand":[],"product_cat":[23,470],"product_tag":[538,569,543,542,590,539,194,546,126,591,561],"class_list":{"0":"post-3517","1":"product","2":"type-product","3":"status-publish","4":"has-post-thumbnail","6":"product_cat-ostern","7":"product_cat-figuren-ostern","8":"product_tag-clayre-eef","9":"product_tag-dekoration","10":"product_tag-fruhling","11":"product_tag-geschenk","12":"product_tag-gros","13":"product_tag-kaninchen","14":"product_tag-ostern","15":"product_tag-polyresin","16":"product_tag-rosa","17":"product_tag-schleife","18":"product_tag-weis","19":"tm-no-options","20":"desktop-align-left","21":"tablet-align-left","22":"mobile-align-left","24":"first","25":"instock","26":"shipping-taxable","27":"purchasable","28":"product-type-simple"},"_links":{"self":[{"href":"https:\/\/bbdekorandmore.at\/hu\/wp-json\/wp\/v2\/product\/3517","targetHints":{"allow":["GET"]}}],"collection":[{"href":"https:\/\/bbdekorandmore.at\/hu\/wp-json\/wp\/v2\/product"}],"about":[{"href":"https:\/\/bbdekorandmore.at\/hu\/wp-json\/wp\/v2\/types\/product"}],"replies":[{"embeddable":true,"href":"https:\/\/bbdekorandmore.at\/hu\/wp-json\/wp\/v2\/comments?post=3517"}],"wp:featuredmedia":[{"embeddable":true,"href":"https:\/\/bbdekorandmore.at\/hu\/wp-json\/wp\/v2\/media\/3496"}],"wp:attachment":[{"href":"https:\/\/bbdekorandmore.at\/hu\/wp-json\/wp\/v2\/media?parent=3517"}],"wp:term":[{"taxonomy":"product_brand","embeddable":true,"href":"https:\/\/bbdekorandmore.at\/hu\/wp-json\/wp\/v2\/product_brand?post=3517"},{"taxonomy":"product_cat","embeddable":true,"href":"https:\/\/bbdekorandmore.at\/hu\/wp-json\/wp\/v2\/product_cat?post=3517"},{"taxonomy":"product_tag","embeddable":true,"href":"https:\/\/bbdekorandmore.at\/hu\/wp-json\/wp\/v2\/product_tag?post=3517"}],"curies":[{"name":"wp","href":"https:\/\/api.w.org\/{rel}","templated":true}]}}