{"id":3520,"date":"2024-03-01T22:16:33","date_gmt":"2024-03-01T22:16:33","guid":{"rendered":"http:\/\/bbdekorandmore.at\/?post_type=product&#038;p=3520"},"modified":"2024-07-04T08:48:39","modified_gmt":"2024-07-04T08:48:39","slug":"geschirrtuch-blumen","status":"publish","type":"product","link":"https:\/\/bbdekorandmore.at\/hu\/produkt\/geschirrtuch-blumen\/","title":{"rendered":"Konyharuha \"Vir\u00e1gok\""},"content":{"rendered":"<p data-sourcepos=\"3:1-3:24\">Term\u00e9kle\u00edr\u00e1s:<\/p>\n<p data-sourcepos=\"5:1-5:289\">Adjon romantikus \u00e9s tavaszias hangulatot konyh\u00e1j\u00e1nak a Clayre &amp; Eef var\u00e1zslatos \"Flowers\" konyharuh\u00e1j\u00e1val. A kiv\u00e1l\u00f3 min\u0151s\u00e9g\u0171, 100% pamutb\u00f3l k\u00e9sz\u00fclt konyharuha leny\u0171g\u00f6z finom kialak\u00edt\u00e1s\u00e1val \u00e9s kedves r\u00e9szleteivel, amelyek meghitt hangulatot teremtenek.<\/p>\n<p data-sourcepos=\"5:1-5:289\">K\u00fcl\u00f6nleges jellemz\u0151k:<\/p>\n<ul data-sourcepos=\"17:1-22:0\">\n<li data-sourcepos=\"17:1-17:143\">Romantikus design: A finom vir\u00e1gmot\u00edvumokkal \u00e9s pasztellsz\u00ednekkel d\u00edsz\u00edtett konyharuha romantikus \u00e9s tavaszias b\u00e1jt \u00e1raszt.<\/li>\n<li data-sourcepos=\"18:1-18:100\">Kiv\u00e1l\u00f3 min\u0151s\u00e9g\u0171 anyagok: A tiszta pamut biztos\u00edtja a k\u00e9nyelmes \u00e9s nedvsz\u00edv\u00f3 term\u00e9ket.<\/li>\n<li data-sourcepos=\"19:1-19:164\">Kedves r\u00e9szletek: A vir\u00e1gmot\u00edvumok r\u00e9szletes kialak\u00edt\u00e1sa \u00e9s a kiv\u00e1l\u00f3 min\u0151s\u00e9g\u0171 kivitelez\u00e9s a Clayre &amp; Eef term\u00e9kek magas min\u0151s\u00e9g\u00e9r\u0151l tan\u00faskodik.<\/li>\n<li data-sourcepos=\"20:1-20:112\">Tavaszias sz\u00ednek: A konyharuha finom sz\u00ednei frissess\u00e9get \u00e9s k\u00f6nnyeds\u00e9get hoznak a konyh\u00e1ba.<\/li>\n<li data-sourcepos=\"21:1-22:0\">Ide\u00e1lis mindennapi haszn\u00e1latra: a konyharuha ide\u00e1lis az ed\u00e9nyek \u00e9s ev\u0151eszk\u00f6z\u00f6k sz\u00e1r\u00edt\u00e1s\u00e1ra, \u00e9s dekorat\u00edv elemk\u00e9nt is szolg\u00e1l a konyh\u00e1ban.<\/li>\n<\/ul>\n<p data-sourcepos=\"23:1-23:25\">Lehets\u00e9ges felhaszn\u00e1l\u00e1si ter\u00fcletek:<\/p>\n<ul data-sourcepos=\"25:1-28:0\">\n<li data-sourcepos=\"25:1-25:95\">Konyharuha: A konyharuha ide\u00e1lis az ed\u00e9nyek \u00e9s ev\u0151eszk\u00f6z\u00f6k sz\u00e1r\u00edt\u00e1s\u00e1ra.<\/li>\n<li data-sourcepos=\"26:1-26:128\">Dekor\u00e1ci\u00f3: A konyharuha dekor\u00e1ci\u00f3s elemk\u00e9nt is haszn\u00e1lhat\u00f3 a konyh\u00e1ban vagy m\u00e1s lak\u00f3t\u00e9rben.<\/li>\n<li data-sourcepos=\"27:1-28:0\">Aj\u00e1nd\u00e9k: T\u00f6k\u00e9letes aj\u00e1nd\u00e9k bar\u00e1toknak, csal\u00e1dtagoknak \u00e9s Clayre &amp; Eef rajong\u00f3knak.<\/li>\n<\/ul>\n<p data-sourcepos=\"29:1-29:13\">Megjegyz\u00e9sek:<\/p>\n<ul data-sourcepos=\"31:1-33:0\">\n<li data-sourcepos=\"31:1-31:71\">Moshat\u00f3: A konyharuha mos\u00f3g\u00e9pben moshat\u00f3 30\u00b0C-on.<\/li>\n<li data-sourcepos=\"32:1-33:0\">Vasal\u00e1s: A konyharuha k\u00f6zepes fokozaton vasalhat\u00f3.<\/li>\n<\/ul>","protected":false},"excerpt":{"rendered":"<p>Adjon romantikus \u00e9s tavaszias hangulatot konyh\u00e1j\u00e1nak a Clayre &amp; Eef \"Flowers\" konyharuh\u00e1val.<\/p>\n<p>Tov\u00e1bbi inform\u00e1ci\u00f3k:<\/p>\n<ul data-sourcepos=\"9:1-14:0\">\n<li data-sourcepos=\"9:1-9:29\">M\u00e1rka: Clayre &amp;Eef<\/li>\n<li data-sourcepos=\"10:1-10:30\">Anyag: 100% pamut<\/li>\n<li data-sourcepos=\"11:1-11:23\">M\u00e9ret: 50 x 70 cm<\/li>\n<li data-sourcepos=\"12:1-12:41\">Sz\u00edn: r\u00f3zsasz\u00edn-b\u00e9zs, vir\u00e1gos mot\u00edvumokkal<\/li>\n<li data-sourcepos=\"13:1-14:0\">A csomag tartalma: 1x \"Vir\u00e1gok\" konyharuha<\/li>\n<\/ul>\n<p> <a class=\"continue\" href=\"https:\/\/bbdekorandmore.at\/hu\/produkt\/geschirrtuch-blumen\/\">Continue Reading<span> Konyharuha \"Vir\u00e1gok\"<\/span><\/a><\/p>","protected":false},"featured_media":3429,"comment_status":"open","ping_status":"closed","template":"","meta":{"site-sidebar-layout":"default","site-content-layout":"","ast-site-content-layout":"default","site-content-style":"default","site-sidebar-style":"default","ast-global-header-display":"","ast-banner-title-visibility":"","ast-main-header-display":"","ast-hfb-above-header-display":"","ast-hfb-below-header-display":"","ast-hfb-mobile-header-display":"","site-post-title":"","ast-breadcrumbs-content":"","ast-featured-img":"","footer-sml-layout":"","ast-disable-related-posts":"","theme-transparent-header-meta":"default","adv-header-id-meta":"","stick-header-meta":"","header-above-stick-meta":"","header-main-stick-meta":"","header-below-stick-meta":"","astra-migrate-meta-layouts":"set","ast-page-background-enabled":"default","ast-page-background-meta":{"desktop":{"background-color":"var(--ast-global-color-4)","background-image":"","background-repeat":"repeat","background-position":"center center","background-size":"auto","background-attachment":"scroll","background-type":"","background-media":"","overlay-type":"","overlay-color":"","overlay-opacity":"","overlay-gradient":""},"tablet":{"background-color":"","background-image":"","background-repeat":"repeat","background-position":"center center","background-size":"auto","background-attachment":"scroll","background-type":"","background-media":"","overlay-type":"","overlay-color":"","overlay-opacity":"","overlay-gradient":""},"mobile":{"background-color":"","background-image":"","background-repeat":"repeat","background-position":"center center","background-size":"auto","background-attachment":"scroll","background-type":"","background-media":"","overlay-type":"","overlay-color":"","overlay-opacity":"","overlay-gradient":""}},"ast-content-background-meta":{"desktop":{"background-color":"var(--ast-global-color-5)","background-image":"","background-repeat":"repeat","background-position":"center center","background-size":"auto","background-attachment":"scroll","background-type":"","background-media":"","overlay-type":"","overlay-color":"","overlay-opacity":"","overlay-gradient":""},"tablet":{"background-color":"var(--ast-global-color-5)","background-image":"","background-repeat":"repeat","background-position":"center center","background-size":"auto","background-attachment":"scroll","background-type":"","background-media":"","overlay-type":"","overlay-color":"","overlay-opacity":"","overlay-gradient":""},"mobile":{"background-color":"var(--ast-global-color-5)","background-image":"","background-repeat":"repeat","background-position":"center center","background-size":"auto","background-attachment":"scroll","background-type":"","background-media":"","overlay-type":"","overlay-color":"","overlay-opacity":"","overlay-gradient":""}}},"product_brand":[],"product_cat":[21,23,469,471],"product_tag":[593,558,538,569,542,594,595],"class_list":{"0":"post-3520","1":"product","2":"type-product","3":"status-publish","4":"has-post-thumbnail","6":"product_cat-fruehling","7":"product_cat-ostern","8":"product_cat-textilien","9":"product_cat-textilien-ostern","10":"product_tag-baumwolle","11":"product_tag-blumen","12":"product_tag-clayre-eef","13":"product_tag-dekoration","14":"product_tag-geschenk","15":"product_tag-geschirrtuch","16":"product_tag-rosa-beige","17":"tm-no-options","18":"desktop-align-left","19":"tablet-align-left","20":"mobile-align-left","22":"first","23":"instock","24":"shipping-taxable","25":"purchasable","26":"product-type-simple"},"_links":{"self":[{"href":"https:\/\/bbdekorandmore.at\/hu\/wp-json\/wp\/v2\/product\/3520","targetHints":{"allow":["GET"]}}],"collection":[{"href":"https:\/\/bbdekorandmore.at\/hu\/wp-json\/wp\/v2\/product"}],"about":[{"href":"https:\/\/bbdekorandmore.at\/hu\/wp-json\/wp\/v2\/types\/product"}],"replies":[{"embeddable":true,"href":"https:\/\/bbdekorandmore.at\/hu\/wp-json\/wp\/v2\/comments?post=3520"}],"wp:featuredmedia":[{"embeddable":true,"href":"https:\/\/bbdekorandmore.at\/hu\/wp-json\/wp\/v2\/media\/3429"}],"wp:attachment":[{"href":"https:\/\/bbdekorandmore.at\/hu\/wp-json\/wp\/v2\/media?parent=3520"}],"wp:term":[{"taxonomy":"product_brand","embeddable":true,"href":"https:\/\/bbdekorandmore.at\/hu\/wp-json\/wp\/v2\/product_brand?post=3520"},{"taxonomy":"product_cat","embeddable":true,"href":"https:\/\/bbdekorandmore.at\/hu\/wp-json\/wp\/v2\/product_cat?post=3520"},{"taxonomy":"product_tag","embeddable":true,"href":"https:\/\/bbdekorandmore.at\/hu\/wp-json\/wp\/v2\/product_tag?post=3520"}],"curies":[{"name":"wp","href":"https:\/\/api.w.org\/{rel}","templated":true}]}}