{"id":3521,"date":"2024-03-01T22:28:07","date_gmt":"2024-03-01T22:28:07","guid":{"rendered":"http:\/\/bbdekorandmore.at\/?post_type=product&#038;p=3521"},"modified":"2024-07-02T09:35:38","modified_gmt":"2024-07-02T09:35:38","slug":"tischlaufer-herz","status":"publish","type":"product","link":"https:\/\/bbdekorandmore.at\/hu\/produkt\/tischlaufer-herz\/","title":{"rendered":"\"Sz\u00edv\" asztali fut\u00f3"},"content":{"rendered":"<p data-sourcepos=\"3:1-3:24\">Term\u00e9kle\u00edr\u00e1s:<\/p>\n<p data-sourcepos=\"5:1-5:302\">Adjon romantikus \u00e9s hangulatos hangulatot \u00e9tkez\u0151asztal\u00e1nak a Clayre &amp; Eef var\u00e1zslatos \"Heart\" asztali fut\u00f3j\u00e1val. A kiv\u00e1l\u00f3 min\u0151s\u00e9g\u0171, 100% pamutb\u00f3l k\u00e9sz\u00fclt asztali fut\u00f3 leny\u0171g\u00f6z finom, vid\u00e9ki st\u00edlus\u00fa diz\u00e1jnj\u00e1val \u00e9s kedves r\u00e9szleteivel, amelyek eleg\u00e1ns hangulatot teremtenek.<\/p>\n<p data-sourcepos=\"16:1-16:23\">K\u00fcl\u00f6nleges jellemz\u0151k:<\/p>\n<ul data-sourcepos=\"18:1-23:0\">\n<li data-sourcepos=\"18:1-18:137\">Romantikus kialak\u00edt\u00e1s: A finom sz\u00edvmot\u00edvumokkal \u00e9s sz\u00fcrke sz\u00ednnel ell\u00e1tott asztali fut\u00f3 romantikus \u00e9s hangulatos b\u00e1jt \u00e1raszt.<\/li>\n<li data-sourcepos=\"19:1-19:103\">Kiv\u00e1l\u00f3 min\u0151s\u00e9g\u0171 anyagok: A tiszta pamut k\u00e9nyelmes \u00e9s k\u00f6nnyen \u00e1polhat\u00f3 term\u00e9ket eredm\u00e9nyez.<\/li>\n<li data-sourcepos=\"20:1-20:162\">Kedves r\u00e9szletek: A sz\u00edv mot\u00edvumok r\u00e9szletes kialak\u00edt\u00e1sa \u00e9s a kiv\u00e1l\u00f3 min\u0151s\u00e9g\u0171 kivitelez\u00e9s a Clayre &amp; Eef term\u00e9kek magas min\u0151s\u00e9g\u00e9r\u0151l tan\u00faskodik.<\/li>\n<li data-sourcepos=\"21:1-21:145\">Vid\u00e9ki h\u00e1z st\u00edlus: Az asztali fut\u00f3 t\u00f6k\u00e9letesen illeszkedik a n\u00e9pszer\u0171 vid\u00e9ki h\u00e1z st\u00edlus\u00e1hoz, \u00e9s meleg \u00e9s hangulatos l\u00e9gk\u00f6rt teremt otthon\u00e1ban.<\/li>\n<li data-sourcepos=\"22:1-23:0\">Ide\u00e1lis mindennapi haszn\u00e1latra: Az asztali fut\u00f3 ide\u00e1lis a mindennapi haszn\u00e1latra, \u00e9s megv\u00e9di az asztal\u00e1t a karcol\u00e1sokt\u00f3l \u00e9s a szennyez\u0151d\u00e9sekt\u0151l.<\/li>\n<\/ul>\n<p data-sourcepos=\"24:1-24:25\">Lehets\u00e9ges felhaszn\u00e1l\u00e1si ter\u00fcletek:<\/p>\n<ul data-sourcepos=\"26:1-29:0\">\n<li data-sourcepos=\"26:1-26:89\">Asztali dekor\u00e1ci\u00f3: Az asztali fut\u00f3 ide\u00e1lis az \u00e9tkez\u0151asztal d\u00edsz\u00edt\u00e9s\u00e9re.<\/li>\n<li data-sourcepos=\"27:1-27:86\">Aj\u00e1nd\u00e9k: T\u00f6k\u00e9letes aj\u00e1nd\u00e9k bar\u00e1toknak, csal\u00e1dtagoknak \u00e9s a vid\u00e9ki h\u00e1zak st\u00edlus\u00e1nak rajong\u00f3inak.<\/li>\n<li data-sourcepos=\"28:1-29:0\">Dekor\u00e1ci\u00f3: Az asztali fut\u00f3 dekor\u00e1ci\u00f3s elemk\u00e9nt is haszn\u00e1lhat\u00f3 kom\u00f3dokon vagy kom\u00f3dokon.<\/li>\n<\/ul>\n<p data-sourcepos=\"30:1-30:13\">Megjegyz\u00e9sek:<\/p>\n<ul data-sourcepos=\"32:1-34:0\">\n<li data-sourcepos=\"32:1-32:70\">Moshat\u00f3: Asztali fut\u00f3 30\u00b0C-on moshat\u00f3.<\/li>\n<li data-sourcepos=\"33:1-34:0\">Vasal\u00e1s: Asztali fut\u00f3 k\u00f6zepes fokozaton vasalhat\u00f3.<\/li>\n<\/ul>","protected":false},"excerpt":{"rendered":"<p>Adjon romantikus \u00e9s meghitt hangulatot \u00e9tkez\u0151asztal\u00e1nak a Clayre &amp; Eef \"Heart\" asztali fut\u00f3val.<\/p>\n<p>Tov\u00e1bbi inform\u00e1ci\u00f3k:<\/p>\n<ul data-sourcepos=\"9:1-15:0\">\n<li data-sourcepos=\"9:1-9:29\">M\u00e1rka: Clayre &amp;Eef<\/li>\n<li data-sourcepos=\"10:1-10:30\">Anyag: 100% pamut<\/li>\n<li data-sourcepos=\"11:1-11:24\">M\u00e9ret: 50 x 160 cm<\/li>\n<li data-sourcepos=\"12:1-12:33\">Sz\u00edn: Sz\u00fcrke, sz\u00edv mot\u00edvumokkal<\/li>\n<li data-sourcepos=\"13:1-13:24\">St\u00edlus: Vid\u00e9ki h\u00e1z st\u00edlus<\/li>\n<li data-sourcepos=\"14:1-15:0\">A csomag tartalma: 1x \"Sz\u00edv\" asztali fut\u00f3<\/li>\n<\/ul>\n<p> <a class=\"continue\" href=\"https:\/\/bbdekorandmore.at\/hu\/produkt\/tischlaufer-herz\/\">Continue Reading<span> \"Sz\u00edv\" asztali fut\u00f3<\/span><\/a><\/p>","protected":false},"featured_media":3410,"comment_status":"open","ping_status":"closed","template":"","meta":{"site-sidebar-layout":"default","site-content-layout":"","ast-site-content-layout":"default","site-content-style":"default","site-sidebar-style":"default","ast-global-header-display":"","ast-banner-title-visibility":"","ast-main-header-display":"","ast-hfb-above-header-display":"","ast-hfb-below-header-display":"","ast-hfb-mobile-header-display":"","site-post-title":"","ast-breadcrumbs-content":"","ast-featured-img":"","footer-sml-layout":"","ast-disable-related-posts":"","theme-transparent-header-meta":"default","adv-header-id-meta":"","stick-header-meta":"","header-above-stick-meta":"","header-main-stick-meta":"","header-below-stick-meta":"","astra-migrate-meta-layouts":"set","ast-page-background-enabled":"default","ast-page-background-meta":{"desktop":{"background-color":"var(--ast-global-color-4)","background-image":"","background-repeat":"repeat","background-position":"center center","background-size":"auto","background-attachment":"scroll","background-type":"","background-media":"","overlay-type":"","overlay-color":"","overlay-opacity":"","overlay-gradient":""},"tablet":{"background-color":"","background-image":"","background-repeat":"repeat","background-position":"center center","background-size":"auto","background-attachment":"scroll","background-type":"","background-media":"","overlay-type":"","overlay-color":"","overlay-opacity":"","overlay-gradient":""},"mobile":{"background-color":"","background-image":"","background-repeat":"repeat","background-position":"center center","background-size":"auto","background-attachment":"scroll","background-type":"","background-media":"","overlay-type":"","overlay-color":"","overlay-opacity":"","overlay-gradient":""}},"ast-content-background-meta":{"desktop":{"background-color":"var(--ast-global-color-5)","background-image":"","background-repeat":"repeat","background-position":"center center","background-size":"auto","background-attachment":"scroll","background-type":"","background-media":"","overlay-type":"","overlay-color":"","overlay-opacity":"","overlay-gradient":""},"tablet":{"background-color":"var(--ast-global-color-5)","background-image":"","background-repeat":"repeat","background-position":"center center","background-size":"auto","background-attachment":"scroll","background-type":"","background-media":"","overlay-type":"","overlay-color":"","overlay-opacity":"","overlay-gradient":""},"mobile":{"background-color":"var(--ast-global-color-5)","background-image":"","background-repeat":"repeat","background-position":"center center","background-size":"auto","background-attachment":"scroll","background-type":"","background-media":"","overlay-type":"","overlay-color":"","overlay-opacity":"","overlay-gradient":""}}},"product_brand":[],"product_cat":[23,21,471,469],"product_tag":[593,538,569,542,597,596,598,445],"class_list":{"0":"post-3521","1":"product","2":"type-product","3":"status-publish","4":"has-post-thumbnail","6":"product_cat-ostern","7":"product_cat-fruehling","8":"product_cat-textilien-ostern","9":"product_cat-textilien","10":"product_tag-baumwolle","11":"product_tag-clayre-eef","12":"product_tag-dekoration","13":"product_tag-geschenk","14":"product_tag-grau","15":"product_tag-herz","16":"product_tag-landhausstil","17":"product_tag-tischlaufer","18":"tm-no-options","19":"desktop-align-left","20":"tablet-align-left","21":"mobile-align-left","23":"first","24":"instock","25":"shipping-taxable","26":"purchasable","27":"product-type-simple"},"_links":{"self":[{"href":"https:\/\/bbdekorandmore.at\/hu\/wp-json\/wp\/v2\/product\/3521","targetHints":{"allow":["GET"]}}],"collection":[{"href":"https:\/\/bbdekorandmore.at\/hu\/wp-json\/wp\/v2\/product"}],"about":[{"href":"https:\/\/bbdekorandmore.at\/hu\/wp-json\/wp\/v2\/types\/product"}],"replies":[{"embeddable":true,"href":"https:\/\/bbdekorandmore.at\/hu\/wp-json\/wp\/v2\/comments?post=3521"}],"wp:featuredmedia":[{"embeddable":true,"href":"https:\/\/bbdekorandmore.at\/hu\/wp-json\/wp\/v2\/media\/3410"}],"wp:attachment":[{"href":"https:\/\/bbdekorandmore.at\/hu\/wp-json\/wp\/v2\/media?parent=3521"}],"wp:term":[{"taxonomy":"product_brand","embeddable":true,"href":"https:\/\/bbdekorandmore.at\/hu\/wp-json\/wp\/v2\/product_brand?post=3521"},{"taxonomy":"product_cat","embeddable":true,"href":"https:\/\/bbdekorandmore.at\/hu\/wp-json\/wp\/v2\/product_cat?post=3521"},{"taxonomy":"product_tag","embeddable":true,"href":"https:\/\/bbdekorandmore.at\/hu\/wp-json\/wp\/v2\/product_tag?post=3521"}],"curies":[{"name":"wp","href":"https:\/\/api.w.org\/{rel}","templated":true}]}}