{"id":3523,"date":"2024-03-01T22:44:10","date_gmt":"2024-03-01T22:44:10","guid":{"rendered":"http:\/\/bbdekorandmore.at\/?post_type=product&#038;p=3523"},"modified":"2024-03-01T22:48:27","modified_gmt":"2024-03-01T22:48:27","slug":"tischlaufer-blaue-rosen","status":"publish","type":"product","link":"https:\/\/bbdekorandmore.at\/hu\/produkt\/tischlaufer-blaue-rosen\/","title":{"rendered":"\"K\u00e9k r\u00f3zs\u00e1k\" asztali fut\u00f3"},"content":{"rendered":"<p data-sourcepos=\"3:1-3:24\">Term\u00e9kle\u00edr\u00e1s:<\/p>\n<p data-sourcepos=\"5:1-5:63\">Adjon eleg\u00e1ns \u00e9s romantikus hangulatot \u00e9tkez\u0151asztal\u00e1nak a Clayre &amp; Eef \"Blue Roses\" asztali fut\u00f3val. A kiv\u00e1l\u00f3 min\u0151s\u00e9g\u0171, 100% pamutb\u00f3l k\u00e9sz\u00fclt asztali fut\u00f3 leny\u0171g\u00f6z\u0151 vir\u00e1gos mint\u00e1zat\u00e1val \u00e9s kedves r\u00e9szleteivel, amelyek eleg\u00e1ns hangulatot teremtenek.<\/p>\n<p data-sourcepos=\"15:1-15:23\">K\u00fcl\u00f6nleges jellemz\u0151k:<\/p>\n<ul data-sourcepos=\"17:1-20:63\">\n<li data-sourcepos=\"17:1-17:132\">Eleg\u00e1ns kialak\u00edt\u00e1s: A k\u00e9k r\u00f3zsa mot\u00edvumokkal \u00e9s finom mint\u00e1val ell\u00e1tott asztali fut\u00f3 eleg\u00e1ns \u00e9s romantikus b\u00e1jt \u00e1raszt.<\/li>\n<li data-sourcepos=\"18:1-18:103\">Kiv\u00e1l\u00f3 min\u0151s\u00e9g\u0171 anyagok: A tiszta pamut k\u00e9nyelmes \u00e9s k\u00f6nnyen \u00e1polhat\u00f3 term\u00e9ket eredm\u00e9nyez.<\/li>\n<li data-sourcepos=\"19:1-19:163\">Kedves r\u00e9szletek: A r\u00f3zsa mot\u00edvumok r\u00e9szletes kialak\u00edt\u00e1sa \u00e9s a kiv\u00e1l\u00f3 min\u0151s\u00e9g\u0171 kivitelez\u00e9s a Clayre &amp; Eef term\u00e9kek magas min\u0151s\u00e9g\u00e9r\u0151l tan\u00faskodik.<\/li>\n<li data-sourcepos=\"20:1-20:63\">St\u00edlusos sz\u00ednek: Az asztali fut\u00f3 eleg\u00e1ns k\u00e9k \u00e9s finom sz\u00ednei eleganci\u00e1t \u00e9s harm\u00f3ni\u00e1t k\u00f6lcs\u00f6n\u00f6znek az \u00e9tkez\u0151asztalnak.<\/li>\n<li data-sourcepos=\"21:1-22:0\">Ide\u00e1lis k\u00fcl\u00f6nleges alkalmakra: Az asztali fut\u00f3 ide\u00e1lis \u00fcnnepi asztalokra \u00e9s k\u00fcl\u00f6nleges alkalmakra, p\u00e9ld\u00e1ul esk\u00fcv\u0151kre vagy sz\u00fclet\u00e9snapokra.<\/li>\n<\/ul>\n<p data-sourcepos=\"23:1-23:25\">Lehets\u00e9ges felhaszn\u00e1l\u00e1si ter\u00fcletek:<\/p>\n<ul data-sourcepos=\"25:1-28:0\">\n<li data-sourcepos=\"25:1-25:111\">Asztali dekor\u00e1ci\u00f3: Az asztali fut\u00f3 ide\u00e1lis az \u00e9tkez\u0151asztal d\u00edsz\u00edt\u00e9s\u00e9re k\u00fcl\u00f6nleges alkalmakra.<\/li>\n<li data-sourcepos=\"26:1-26:103\">Aj\u00e1nd\u00e9k: T\u00f6k\u00e9letes aj\u00e1nd\u00e9k bar\u00e1toknak, csal\u00e1dtagoknak \u00e9s az eleg\u00e1ns asztali dekor\u00e1ci\u00f3 szerelmeseinek.<\/li>\n<li data-sourcepos=\"27:1-28:0\">Dekor\u00e1ci\u00f3: Az asztali fut\u00f3 dekor\u00e1ci\u00f3s elemk\u00e9nt is haszn\u00e1lhat\u00f3 kom\u00f3dokon vagy kom\u00f3dokon.<\/li>\n<\/ul>\n<p data-sourcepos=\"29:1-29:13\">Megjegyz\u00e9sek:<\/p>\n<ul data-sourcepos=\"31:1-33:0\">\n<li data-sourcepos=\"31:1-31:70\">Moshat\u00f3: Asztali fut\u00f3 30\u00b0C-on moshat\u00f3.<\/li>\n<li data-sourcepos=\"32:1-33:0\">Vasal\u00e1s: Asztali fut\u00f3 k\u00f6zepes fokozaton vasalhat\u00f3.<\/li>\n<\/ul>","protected":false},"excerpt":{"rendered":"<p>Adjon eleg\u00e1ns \u00e9s romantikus hangulatot \u00e9tkez\u0151asztal\u00e1nak a Clayre &amp; Eef \"Blue Roses\" asztali fut\u00f3val.<\/p>\n<p>Tov\u00e1bbi inform\u00e1ci\u00f3k:<\/p>\n<ul data-sourcepos=\"9:1-9:29\">\n<li data-sourcepos=\"9:1-9:29\">M\u00e1rka: Clayre &amp;Eef<\/li>\n<li data-sourcepos=\"10:1-10:30\">Anyag: 100% pamut<\/li>\n<li data-sourcepos=\"11:1-11:24\">M\u00e9ret: 50 x 160 cm<\/li>\n<li data-sourcepos=\"12:1-12:21\">Sz\u00edn: K\u00e9k r\u00f3zsa mot\u00edvumokkal<\/li>\n<li data-sourcepos=\"13:1-14:0\">A csomag tartalma: 1x \"K\u00e9k r\u00f3zs\u00e1k\" asztali fut\u00f3<\/li>\n<\/ul>\n<p> <a class=\"continue\" href=\"https:\/\/bbdekorandmore.at\/hu\/produkt\/tischlaufer-blaue-rosen\/\">Continue Reading<span> \"K\u00e9k r\u00f3zs\u00e1k\" asztali fut\u00f3<\/span><\/a><\/p>","protected":false},"featured_media":3455,"comment_status":"open","ping_status":"closed","template":"","meta":{"site-sidebar-layout":"default","site-content-layout":"","ast-site-content-layout":"default","site-content-style":"default","site-sidebar-style":"default","ast-global-header-display":"","ast-banner-title-visibility":"","ast-main-header-display":"","ast-hfb-above-header-display":"","ast-hfb-below-header-display":"","ast-hfb-mobile-header-display":"","site-post-title":"","ast-breadcrumbs-content":"","ast-featured-img":"","footer-sml-layout":"","ast-disable-related-posts":"","theme-transparent-header-meta":"default","adv-header-id-meta":"","stick-header-meta":"","header-above-stick-meta":"","header-main-stick-meta":"","header-below-stick-meta":"","astra-migrate-meta-layouts":"set","ast-page-background-enabled":"default","ast-page-background-meta":{"desktop":{"background-color":"var(--ast-global-color-4)","background-image":"","background-repeat":"repeat","background-position":"center center","background-size":"auto","background-attachment":"scroll","background-type":"","background-media":"","overlay-type":"","overlay-color":"","overlay-opacity":"","overlay-gradient":""},"tablet":{"background-color":"","background-image":"","background-repeat":"repeat","background-position":"center center","background-size":"auto","background-attachment":"scroll","background-type":"","background-media":"","overlay-type":"","overlay-color":"","overlay-opacity":"","overlay-gradient":""},"mobile":{"background-color":"","background-image":"","background-repeat":"repeat","background-position":"center center","background-size":"auto","background-attachment":"scroll","background-type":"","background-media":"","overlay-type":"","overlay-color":"","overlay-opacity":"","overlay-gradient":""}},"ast-content-background-meta":{"desktop":{"background-color":"var(--ast-global-color-5)","background-image":"","background-repeat":"repeat","background-position":"center center","background-size":"auto","background-attachment":"scroll","background-type":"","background-media":"","overlay-type":"","overlay-color":"","overlay-opacity":"","overlay-gradient":""},"tablet":{"background-color":"var(--ast-global-color-5)","background-image":"","background-repeat":"repeat","background-position":"center center","background-size":"auto","background-attachment":"scroll","background-type":"","background-media":"","overlay-type":"","overlay-color":"","overlay-opacity":"","overlay-gradient":""},"mobile":{"background-color":"var(--ast-global-color-5)","background-image":"","background-repeat":"repeat","background-position":"center center","background-size":"auto","background-attachment":"scroll","background-type":"","background-media":"","overlay-type":"","overlay-color":"","overlay-opacity":"","overlay-gradient":""}}},"product_brand":[],"product_cat":[21,23,471,469],"product_tag":[593,560,600,538,569,576,542,601,445],"class_list":{"0":"post-3523","1":"product","2":"type-product","3":"status-publish","4":"has-post-thumbnail","6":"product_cat-fruehling","7":"product_cat-ostern","8":"product_cat-textilien-ostern","9":"product_cat-textilien","10":"product_tag-baumwolle","11":"product_tag-blau","12":"product_tag-blaue-rosen","13":"product_tag-clayre-eef","14":"product_tag-dekoration","15":"product_tag-elegant","16":"product_tag-geschenk","17":"product_tag-romantisch","18":"product_tag-tischlaufer","19":"tm-no-options","20":"desktop-align-left","21":"tablet-align-left","22":"mobile-align-left","24":"first","25":"instock","26":"shipping-taxable","27":"purchasable","28":"product-type-simple"},"_links":{"self":[{"href":"https:\/\/bbdekorandmore.at\/hu\/wp-json\/wp\/v2\/product\/3523","targetHints":{"allow":["GET"]}}],"collection":[{"href":"https:\/\/bbdekorandmore.at\/hu\/wp-json\/wp\/v2\/product"}],"about":[{"href":"https:\/\/bbdekorandmore.at\/hu\/wp-json\/wp\/v2\/types\/product"}],"replies":[{"embeddable":true,"href":"https:\/\/bbdekorandmore.at\/hu\/wp-json\/wp\/v2\/comments?post=3523"}],"wp:featuredmedia":[{"embeddable":true,"href":"https:\/\/bbdekorandmore.at\/hu\/wp-json\/wp\/v2\/media\/3455"}],"wp:attachment":[{"href":"https:\/\/bbdekorandmore.at\/hu\/wp-json\/wp\/v2\/media?parent=3523"}],"wp:term":[{"taxonomy":"product_brand","embeddable":true,"href":"https:\/\/bbdekorandmore.at\/hu\/wp-json\/wp\/v2\/product_brand?post=3523"},{"taxonomy":"product_cat","embeddable":true,"href":"https:\/\/bbdekorandmore.at\/hu\/wp-json\/wp\/v2\/product_cat?post=3523"},{"taxonomy":"product_tag","embeddable":true,"href":"https:\/\/bbdekorandmore.at\/hu\/wp-json\/wp\/v2\/product_tag?post=3523"}],"curies":[{"name":"wp","href":"https:\/\/api.w.org\/{rel}","templated":true}]}}