{"id":3524,"date":"2024-03-01T22:52:12","date_gmt":"2024-03-01T22:52:12","guid":{"rendered":"http:\/\/bbdekorandmore.at\/?post_type=product&#038;p=3524"},"modified":"2024-12-01T23:19:00","modified_gmt":"2024-12-01T23:19:00","slug":"eierschrank-herz","status":"publish","type":"product","link":"https:\/\/bbdekorandmore.at\/hu\/produkt\/eierschrank-herz\/","title":{"rendered":"\"Sz\u00edv\" toj\u00e1sszekr\u00e9ny"},"content":{"rendered":"<p data-sourcepos=\"3:1-3:24\">Term\u00e9kle\u00edr\u00e1s:<\/p>\n<p data-sourcepos=\"5:1-5:74\">Verleihen Sie Ihrer Osterdekoration mit dem bezaubernden Eierschrank \u201eHerz\u201c der Marke Clayre &amp; Eef einen romantischen und nostalgischen Touch. Der hochwertige Eierschrank im Farmhausstil \u00fcberzeugt mit seinem detailverliebten Design und liebevollen Details, die f\u00fcr ein zauberhaftes Osterambiente sorgen.<\/p>\n<p data-sourcepos=\"16:1-16:23\">K\u00fcl\u00f6nleges jellemz\u0151k:<\/p>\n<ul data-sourcepos=\"18:1-21:24\">\n<li data-sourcepos=\"18:1-18:145\">Romantisches Design: Der Eierschrank mit herzf\u00f6rmigen Ausschnitten verspr\u00fcht einen romantischen und nostalgischen Charme.<\/li>\n<li data-sourcepos=\"19:1-19:86\">Hochwertige Materialien: stabiles und langlebiges Produkt.<\/li>\n<li data-sourcepos=\"20:1-20:162\">Kedves r\u00e9szletek: A sz\u00edv mot\u00edvumok r\u00e9szletes kialak\u00edt\u00e1sa \u00e9s a kiv\u00e1l\u00f3 min\u0151s\u00e9g\u0171 kivitelez\u00e9s a Clayre &amp; Eef term\u00e9kek magas min\u0151s\u00e9g\u00e9r\u0151l tan\u00faskodik.<\/li>\n<li data-sourcepos=\"21:1-21:24\">Nosztalgikus b\u00e1j: A paraszti st\u00edlus\u00fa toj\u00e1sszekr\u00e9ny nosztalgikus hangulatot k\u00f6lcs\u00f6n\u00f6z a h\u00fasv\u00e9ti dekor\u00e1ci\u00f3nak.<\/li>\n<li data-sourcepos=\"22:1-23:0\">Ide\u00e1lis a h\u00fasv\u00e9ti id\u0151szakhoz: A toj\u00e1sszekr\u00e9ny ide\u00e1lis a h\u00fasv\u00e9ti toj\u00e1sok t\u00e1rol\u00e1s\u00e1ra, \u00e9s hangulatos k\u00f6rnyezetet teremt.<\/li>\n<\/ul>\n<p data-sourcepos=\"24:1-24:25\">Lehets\u00e9ges felhaszn\u00e1l\u00e1si ter\u00fcletek:<\/p>\n<ul data-sourcepos=\"26:1-29:0\">\n<li data-sourcepos=\"26:1-26:107\">H\u00fasv\u00e9ti dekor\u00e1ci\u00f3: A toj\u00e1sos szekr\u00e9ny ide\u00e1lis otthonod d\u00edsz\u00edt\u00e9s\u00e9re a h\u00fasv\u00e9ti id\u0151szakban.<\/li>\n<li data-sourcepos=\"27:1-27:86\">Aj\u00e1nd\u00e9k: T\u00f6k\u00e9letes aj\u00e1nd\u00e9k bar\u00e1toknak, csal\u00e1dtagoknak \u00e9s a paraszti st\u00edlus rajong\u00f3inak.<\/li>\n<li data-sourcepos=\"28:1-29:0\">T\u00e1rol\u00e1s: A toj\u00e1sszekr\u00e9ny \u00e9kszerek vagy m\u00e1s kisebb t\u00e1rgyak t\u00e1rol\u00e1s\u00e1ra is haszn\u00e1lhat\u00f3.<\/li>\n<\/ul>\n<p data-sourcepos=\"30:1-30:13\">Megjegyz\u00e9sek:<\/p>\n<ul data-sourcepos=\"32:1-34:0\">\n<li data-sourcepos=\"33:1-34:0\">\u00c1pol\u00e1s: A toj\u00e1sszekr\u00e9ny nedves ruh\u00e1val tiszt\u00e1ra t\u00f6r\u00f6lhet\u0151.<\/li>\n<\/ul>","protected":false},"excerpt":{"rendered":"<p>Adjon romantikus \u00e9s nosztalgikus jelleget a h\u00fasv\u00e9ti dekor\u00e1ci\u00f3nak a Clayre &amp; Eef \"Heart\" toj\u00e1sszekr\u00e9nnyel.<\/p>\n<p>Tov\u00e1bbi inform\u00e1ci\u00f3k:<\/p>\n<ul data-sourcepos=\"9:1-9:19\">\n<li data-sourcepos=\"9:1-9:19\">M\u00e1rka: Clayre &amp;Eef<\/li>\n<li data-sourcepos=\"11:1-11:28\">M\u00e9ret: 19 x 14 x 19 cm<\/li>\n<li data-sourcepos=\"12:1-12:17\">Sz\u00edn: Feh\u00e9r, sz\u00edv mot\u00edvumokkal<\/li>\n<li data-sourcepos=\"13:1-13:24\">St\u00edlus: paraszti st\u00edlus<\/li>\n<li data-sourcepos=\"14:1-15:0\">A csomag tartalma: 1x \"Heart\" toj\u00e1start\u00f3 szekr\u00e9ny<\/li>\n<\/ul>\n<p> <a class=\"continue\" href=\"https:\/\/bbdekorandmore.at\/hu\/produkt\/eierschrank-herz\/\">Continue Reading<span> \"Sz\u00edv\" toj\u00e1sszekr\u00e9ny<\/span><\/a><\/p>","protected":false},"featured_media":3451,"comment_status":"open","ping_status":"closed","template":"","meta":{"site-sidebar-layout":"default","site-content-layout":"","ast-site-content-layout":"default","site-content-style":"default","site-sidebar-style":"default","ast-global-header-display":"","ast-banner-title-visibility":"","ast-main-header-display":"","ast-hfb-above-header-display":"","ast-hfb-below-header-display":"","ast-hfb-mobile-header-display":"","site-post-title":"","ast-breadcrumbs-content":"","ast-featured-img":"","footer-sml-layout":"","ast-disable-related-posts":"","theme-transparent-header-meta":"default","adv-header-id-meta":"","stick-header-meta":"","header-above-stick-meta":"","header-main-stick-meta":"","header-below-stick-meta":"","astra-migrate-meta-layouts":"set","ast-page-background-enabled":"default","ast-page-background-meta":{"desktop":{"background-color":"var(--ast-global-color-4)","background-image":"","background-repeat":"repeat","background-position":"center center","background-size":"auto","background-attachment":"scroll","background-type":"","background-media":"","overlay-type":"","overlay-color":"","overlay-opacity":"","overlay-gradient":""},"tablet":{"background-color":"","background-image":"","background-repeat":"repeat","background-position":"center center","background-size":"auto","background-attachment":"scroll","background-type":"","background-media":"","overlay-type":"","overlay-color":"","overlay-opacity":"","overlay-gradient":""},"mobile":{"background-color":"","background-image":"","background-repeat":"repeat","background-position":"center center","background-size":"auto","background-attachment":"scroll","background-type":"","background-media":"","overlay-type":"","overlay-color":"","overlay-opacity":"","overlay-gradient":""}},"ast-content-background-meta":{"desktop":{"background-color":"var(--ast-global-color-5)","background-image":"","background-repeat":"repeat","background-position":"center center","background-size":"auto","background-attachment":"scroll","background-type":"","background-media":"","overlay-type":"","overlay-color":"","overlay-opacity":"","overlay-gradient":""},"tablet":{"background-color":"var(--ast-global-color-5)","background-image":"","background-repeat":"repeat","background-position":"center center","background-size":"auto","background-attachment":"scroll","background-type":"","background-media":"","overlay-type":"","overlay-color":"","overlay-opacity":"","overlay-gradient":""},"mobile":{"background-color":"var(--ast-global-color-5)","background-image":"","background-repeat":"repeat","background-position":"center center","background-size":"auto","background-attachment":"scroll","background-type":"","background-media":"","overlay-type":"","overlay-color":"","overlay-opacity":"","overlay-gradient":""}}},"product_brand":[],"product_cat":[23,472,495],"product_tag":[538,569,602,604,543,542,596,603,194,601,561],"class_list":{"0":"post-3524","1":"product","2":"type-product","3":"status-publish","4":"has-post-thumbnail","6":"product_cat-ostern","7":"product_cat-accessories","8":"product_cat-wohnaccessories","9":"product_tag-clayre-eef","10":"product_tag-dekoration","11":"product_tag-eierschrank","12":"product_tag-farmhausstil","13":"product_tag-fruhling","14":"product_tag-geschenk","15":"product_tag-herz","16":"product_tag-nostalgisch","17":"product_tag-ostern","18":"product_tag-romantisch","19":"product_tag-weis","20":"tm-no-options","21":"desktop-align-left","22":"tablet-align-left","23":"mobile-align-left","25":"first","26":"outofstock","27":"shipping-taxable","28":"purchasable","29":"product-type-simple"},"_links":{"self":[{"href":"https:\/\/bbdekorandmore.at\/hu\/wp-json\/wp\/v2\/product\/3524","targetHints":{"allow":["GET"]}}],"collection":[{"href":"https:\/\/bbdekorandmore.at\/hu\/wp-json\/wp\/v2\/product"}],"about":[{"href":"https:\/\/bbdekorandmore.at\/hu\/wp-json\/wp\/v2\/types\/product"}],"replies":[{"embeddable":true,"href":"https:\/\/bbdekorandmore.at\/hu\/wp-json\/wp\/v2\/comments?post=3524"}],"wp:featuredmedia":[{"embeddable":true,"href":"https:\/\/bbdekorandmore.at\/hu\/wp-json\/wp\/v2\/media\/3451"}],"wp:attachment":[{"href":"https:\/\/bbdekorandmore.at\/hu\/wp-json\/wp\/v2\/media?parent=3524"}],"wp:term":[{"taxonomy":"product_brand","embeddable":true,"href":"https:\/\/bbdekorandmore.at\/hu\/wp-json\/wp\/v2\/product_brand?post=3524"},{"taxonomy":"product_cat","embeddable":true,"href":"https:\/\/bbdekorandmore.at\/hu\/wp-json\/wp\/v2\/product_cat?post=3524"},{"taxonomy":"product_tag","embeddable":true,"href":"https:\/\/bbdekorandmore.at\/hu\/wp-json\/wp\/v2\/product_tag?post=3524"}],"curies":[{"name":"wp","href":"https:\/\/api.w.org\/{rel}","templated":true}]}}