{"id":3527,"date":"2024-03-03T15:34:51","date_gmt":"2024-03-03T15:34:51","guid":{"rendered":"http:\/\/bbdekorandmore.at\/?post_type=product&#038;p=3527"},"modified":"2025-04-06T15:49:31","modified_gmt":"2025-04-06T15:49:31","slug":"hunde-und-katzenfutternapf-herz","status":"publish","type":"product","link":"https:\/\/bbdekorandmore.at\/hu\/produkt\/hunde-und-katzenfutternapf-herz\/","title":{"rendered":"\"Sz\u00edv\" kutya- \u00e9s macskaeledel t\u00e1l"},"content":{"rendered":"<p data-sourcepos=\"3:1-3:24\">Term\u00e9kle\u00edr\u00e1s:<\/p>\n<p data-sourcepos=\"5:1-5:340\">Verleihen Sie der F\u00fctterungszeit Ihres Vierbeiners mit dem bezaubernden Hunde- und Katzenfutternapf \u201eHerz\u201c der Marke Clayre &amp; Eef einen stilvollen Touch. Der hochwertige Futternapf aus Eisen \u00fcberzeugt mit seinem detailverliebten Design und liebevollen Details, die f\u00fcr ein harmonisches Ambiente in Ihrem Zuhause sorgen.<\/p>\n<p data-sourcepos=\"15:1-15:23\">K\u00fcl\u00f6nleges jellemz\u0151k:<\/p>\n<ul data-sourcepos=\"17:1-22:0\">\n<li data-sourcepos=\"17:1-17:140\">Design: Der Futternapf mit herzf\u00f6rmiger Aussparung und zartem Muster verspr\u00fcht einen liebevollen Charme.<\/li>\n<li data-sourcepos=\"18:1-18:93\">Kiv\u00e1l\u00f3 min\u0151s\u00e9g\u0171 anyagok: A vas biztos\u00edtja a stabil \u00e9s tart\u00f3s \u00e9telt\u00e1lat.<\/li>\n<li data-sourcepos=\"19:1-19:162\">Kedves r\u00e9szletek: A sz\u00edv mot\u00edvumok r\u00e9szletes kialak\u00edt\u00e1sa \u00e9s a kiv\u00e1l\u00f3 min\u0151s\u00e9g\u0171 kivitelez\u00e9s a Clayre &amp; Eef term\u00e9kek magas min\u0151s\u00e9g\u00e9r\u0151l tan\u00faskodik.<\/li>\n<li data-sourcepos=\"20:1-20:133\">St\u00edlusos kieg\u00e9sz\u00edt\u0151: Az \u00e9telt\u00e1l vizu\u00e1lisan feldobja n\u00e9gyl\u00e1b\u00fa bar\u00e1tja hely\u00e9t, \u00e9s harmonikus \u00f6sszk\u00e9pet teremt.<\/li>\n<li data-sourcepos=\"21:1-22:0\">Ide\u00e1lis kistest\u0171 kuty\u00e1k \u00e9s macsk\u00e1k sz\u00e1m\u00e1ra: Az \u00e9telt\u00e1l ide\u00e1lis a kistest\u0171 kuty\u00e1k \u00e9s macsk\u00e1k etet\u00e9s\u00e9hez.<\/li>\n<\/ul>\n<p data-sourcepos=\"23:1-23:25\">Lehets\u00e9ges felhaszn\u00e1l\u00e1si ter\u00fcletek:<\/p>\n<ul data-sourcepos=\"25:1-28:0\">\n<li data-sourcepos=\"25:1-25:85\">Etet\u0151t\u00e1l: A t\u00e1l ide\u00e1lis kuty\u00e1k \u00e9s macsk\u00e1k etet\u00e9s\u00e9re.<\/li>\n<li data-sourcepos=\"26:1-26:77\">Aj\u00e1nd\u00e9k: T\u00f6k\u00e9letes aj\u00e1nd\u00e9k bar\u00e1toknak, csal\u00e1dtagoknak \u00e9s \u00e1llatbar\u00e1toknak.<\/li>\n<\/ul>\n<p data-sourcepos=\"29:1-29:13\">Megjegyz\u00e9sek:<\/p>\n<ul data-sourcepos=\"31:1-33:0\">\n<li data-sourcepos=\"31:1-31:76\">\u00c1pol\u00e1s: Az \u00e9telt\u00e1l nedves ruh\u00e1val let\u00f6r\u00f6lhet\u0151.<\/li>\n<li data-sourcepos=\"32:1-33:0\">Mosogat\u00f3g\u00e9pben moshat\u00f3: A t\u00e1l mosogat\u00f3g\u00e9pben moshat\u00f3.<\/li>\n<\/ul>","protected":false},"excerpt":{"rendered":"<p>Verleihen Sie der F\u00fctterungszeit Ihres Vierbeiners mit dem &#8222;Herz&#8220; Hundenapf von Clayre &amp; Eef einen stilvollen Touch.<\/p>\n<p>Tov\u00e1bbi inform\u00e1ci\u00f3k:<\/p>\n<ul data-sourcepos=\"9:1-14:0\">\n<li data-sourcepos=\"9:1-9:29\">M\u00e1rka: Clayre &amp;Eef<\/li>\n<li data-sourcepos=\"10:1-10:21\">Anyag: vas<\/li>\n<li data-sourcepos=\"11:1-11:39\">M\u00e9ret: 36 x 18 x 23 cm \/ 2\u00d7500 ml<\/li>\n<li data-sourcepos=\"13:1-14:0\">A csomag tartalma: 1x \"Heart\" kutya- \u00e9s macskaeledelt\u00e1l<\/li>\n<li data-sourcepos=\"13:1-14:0\">Csak belt\u00e9ri haszn\u00e1latra alkalmas<\/li>\n<\/ul>\n<p> <a class=\"continue\" href=\"https:\/\/bbdekorandmore.at\/hu\/produkt\/hunde-und-katzenfutternapf-herz\/\">Continue Reading<span> \"Sz\u00edv\" kutya- \u00e9s macskaeledel t\u00e1l<\/span><\/a><\/p>","protected":false},"featured_media":3431,"comment_status":"open","ping_status":"closed","template":"","meta":{"site-sidebar-layout":"default","site-content-layout":"","ast-site-content-layout":"default","site-content-style":"default","site-sidebar-style":"default","ast-global-header-display":"","ast-banner-title-visibility":"","ast-main-header-display":"","ast-hfb-above-header-display":"","ast-hfb-below-header-display":"","ast-hfb-mobile-header-display":"","site-post-title":"","ast-breadcrumbs-content":"","ast-featured-img":"","footer-sml-layout":"","ast-disable-related-posts":"","theme-transparent-header-meta":"default","adv-header-id-meta":"","stick-header-meta":"","header-above-stick-meta":"","header-main-stick-meta":"","header-below-stick-meta":"","astra-migrate-meta-layouts":"set","ast-page-background-enabled":"default","ast-page-background-meta":{"desktop":{"background-color":"var(--ast-global-color-4)","background-image":"","background-repeat":"repeat","background-position":"center center","background-size":"auto","background-attachment":"scroll","background-type":"","background-media":"","overlay-type":"","overlay-color":"","overlay-opacity":"","overlay-gradient":""},"tablet":{"background-color":"","background-image":"","background-repeat":"repeat","background-position":"center center","background-size":"auto","background-attachment":"scroll","background-type":"","background-media":"","overlay-type":"","overlay-color":"","overlay-opacity":"","overlay-gradient":""},"mobile":{"background-color":"","background-image":"","background-repeat":"repeat","background-position":"center center","background-size":"auto","background-attachment":"scroll","background-type":"","background-media":"","overlay-type":"","overlay-color":"","overlay-opacity":"","overlay-gradient":""}},"ast-content-background-meta":{"desktop":{"background-color":"var(--ast-global-color-5)","background-image":"","background-repeat":"repeat","background-position":"center center","background-size":"auto","background-attachment":"scroll","background-type":"","background-media":"","overlay-type":"","overlay-color":"","overlay-opacity":"","overlay-gradient":""},"tablet":{"background-color":"var(--ast-global-color-5)","background-image":"","background-repeat":"repeat","background-position":"center center","background-size":"auto","background-attachment":"scroll","background-type":"","background-media":"","overlay-type":"","overlay-color":"","overlay-opacity":"","overlay-gradient":""},"mobile":{"background-color":"var(--ast-global-color-5)","background-image":"","background-repeat":"repeat","background-position":"center center","background-size":"auto","background-attachment":"scroll","background-type":"","background-media":"","overlay-type":"","overlay-color":"","overlay-opacity":"","overlay-gradient":""}}},"product_brand":[],"product_cat":[495,29],"product_tag":[538,569,586,542,596,605,606,601,607,561],"class_list":{"0":"post-3527","1":"product","2":"type-product","3":"status-publish","4":"has-post-thumbnail","6":"product_cat-wohnaccessories","7":"product_cat-geschenkideen","8":"product_tag-clayre-eef","9":"product_tag-dekoration","10":"product_tag-eisen","11":"product_tag-geschenk","12":"product_tag-herz","13":"product_tag-hundenapf","14":"product_tag-katzennapf","15":"product_tag-romantisch","16":"product_tag-stilvoll","17":"product_tag-weis","18":"tm-no-options","19":"desktop-align-left","20":"tablet-align-left","21":"mobile-align-left","23":"first","24":"instock","25":"shipping-taxable","26":"purchasable","27":"product-type-simple"},"_links":{"self":[{"href":"https:\/\/bbdekorandmore.at\/hu\/wp-json\/wp\/v2\/product\/3527","targetHints":{"allow":["GET"]}}],"collection":[{"href":"https:\/\/bbdekorandmore.at\/hu\/wp-json\/wp\/v2\/product"}],"about":[{"href":"https:\/\/bbdekorandmore.at\/hu\/wp-json\/wp\/v2\/types\/product"}],"replies":[{"embeddable":true,"href":"https:\/\/bbdekorandmore.at\/hu\/wp-json\/wp\/v2\/comments?post=3527"}],"wp:featuredmedia":[{"embeddable":true,"href":"https:\/\/bbdekorandmore.at\/hu\/wp-json\/wp\/v2\/media\/3431"}],"wp:attachment":[{"href":"https:\/\/bbdekorandmore.at\/hu\/wp-json\/wp\/v2\/media?parent=3527"}],"wp:term":[{"taxonomy":"product_brand","embeddable":true,"href":"https:\/\/bbdekorandmore.at\/hu\/wp-json\/wp\/v2\/product_brand?post=3527"},{"taxonomy":"product_cat","embeddable":true,"href":"https:\/\/bbdekorandmore.at\/hu\/wp-json\/wp\/v2\/product_cat?post=3527"},{"taxonomy":"product_tag","embeddable":true,"href":"https:\/\/bbdekorandmore.at\/hu\/wp-json\/wp\/v2\/product_tag?post=3527"}],"curies":[{"name":"wp","href":"https:\/\/api.w.org\/{rel}","templated":true}]}}