{"id":3529,"date":"2024-03-03T15:54:51","date_gmt":"2024-03-03T15:54:51","guid":{"rendered":"http:\/\/bbdekorandmore.at\/?post_type=product&#038;p=3529"},"modified":"2024-03-03T16:01:48","modified_gmt":"2024-03-03T16:01:48","slug":"turmatte","status":"publish","type":"product","link":"https:\/\/bbdekorandmore.at\/hu\/produkt\/turmatte\/","title":{"rendered":"L\u00e1bt\u00f6rl\u0151"},"content":{"rendered":"<p data-sourcepos=\"3:1-3:24\">Term\u00e9kle\u00edr\u00e1s:<\/p>\n<p data-sourcepos=\"5:1-5:308\">Adjon st\u00edlusos \u00e9s bar\u00e1ts\u00e1gos jelleget a bej\u00e1rat\u00e1nak a Clayre &amp; Eef var\u00e1zslatos ajt\u00f3sz\u0151nyeg\u00e9vel. A kiv\u00e1l\u00f3 min\u0151s\u00e9g\u0171, gumib\u00f3l \u00e9s k\u00f3kuszrostb\u00f3l k\u00e9sz\u00fclt ajt\u00f3sz\u0151nyeg leny\u0171g\u00f6z\u0151en r\u00e9szletes kialak\u00edt\u00e1s\u00e1val \u00e9s szeretetteljes r\u00e9szleteivel harmonikus hangulatot teremt otthona bej\u00e1rat\u00e1n\u00e1l.<\/p>\n<p data-sourcepos=\"18:1-18:23\">K\u00fcl\u00f6nleges jellemz\u0151k:<\/p>\n<ul data-sourcepos=\"20:1-25:0\">\n<li data-sourcepos=\"20:1-20:139\">St\u00edlusos kialak\u00edt\u00e1s: A h\u00e1rom k\u00fcl\u00f6nb\u00f6z\u0151 mot\u00edvummal \u00e9s felirattal ell\u00e1tott ajt\u00f3sz\u0151nyeg b\u00e1jos \u00e9s h\u00edvogat\u00f3 jelleget sug\u00e1roz.<\/li>\n<li data-sourcepos=\"21:1-21:131\">Kiv\u00e1l\u00f3 min\u0151s\u00e9g\u0171 anyagok: A gumi \u00e9s a k\u00f3kuszrost kombin\u00e1ci\u00f3ja strapab\u00edr\u00f3 \u00e9s k\u00f6nnyen \u00e1polhat\u00f3 ajt\u00f3sz\u0151nyeget eredm\u00e9nyez.<\/li>\n<li data-sourcepos=\"22:1-22:176\">Szeretetteljes r\u00e9szletek: A mot\u00edvumok \u00e9s a feliratok r\u00e9szletes kialak\u00edt\u00e1sa, valamint a kiv\u00e1l\u00f3 min\u0151s\u00e9g\u0171 kivitelez\u00e9s a Clayre &amp; Eef term\u00e9kek magas min\u0151s\u00e9g\u00e9r\u0151l tan\u00faskodik.<\/li>\n<li data-sourcepos=\"24:1-25:0\">Szennyfog\u00f3 funkci\u00f3: a k\u00f3kuszrostok megb\u00edzhat\u00f3an felsz\u00edvj\u00e1k a szennyez\u0151d\u00e9seket \u00e9s a nedvess\u00e9get, \u00e9s tiszt\u00e1n tartj\u00e1k a bej\u00e1rati ter\u00fcletet.<\/li>\n<\/ul>\n<p data-sourcepos=\"26:1-26:25\">Lehets\u00e9ges felhaszn\u00e1l\u00e1si ter\u00fcletek:<\/p>\n<ul data-sourcepos=\"28:1-31:0\">\n<li data-sourcepos=\"28:1-28:114\">L\u00e1bt\u00f6rl\u0151: Az l\u00e1bt\u00f6rl\u0151 ide\u00e1lis a h\u00e1z vagy a lak\u00e1s bej\u00e1rat\u00e1n\u00e1l.<\/li>\n<li data-sourcepos=\"29:1-29:99\">Aj\u00e1nd\u00e9k: T\u00f6k\u00e9letes aj\u00e1nd\u00e9k bar\u00e1toknak, csal\u00e1dtagoknak \u00e9s a st\u00edlusos dekor\u00e1ci\u00f3 szerelmeseinek.<\/li>\n<li data-sourcepos=\"30:1-31:0\">Dekor\u00e1ci\u00f3: Az ajt\u00f3sz\u0151nyeg dekor\u00e1ci\u00f3s elemk\u00e9nt is haszn\u00e1lhat\u00f3 otthon\u00e1ban.<\/li>\n<\/ul>\n<p data-sourcepos=\"32:1-32:13\">Megjegyz\u00e9sek:<\/p>\n<ul data-sourcepos=\"34:1-36:0\">\n<li data-sourcepos=\"34:1-34:97\">\u00c1pol\u00e1s: Az ajt\u00f3sz\u0151nyeg egyszer\u0171en porsz\u00edv\u00f3zhat\u00f3 vagy nedves ruh\u00e1val let\u00f6r\u00f6lhet\u0151.<\/li>\n<\/ul>","protected":false},"excerpt":{"rendered":"<p>Adjon hangulatos jelleget a bej\u00e1rat\u00e1nak a Clayre &amp; Eef st\u00edlusos ajt\u00f3sz\u0151nyeg\u00e9vel.<\/p>\n<p>Tov\u00e1bbi inform\u00e1ci\u00f3k:<\/p>\n<ul data-sourcepos=\"9:1-17:0\">\n<li data-sourcepos=\"9:1-9:29\">M\u00e1rka: Clayre &amp;Eef<\/li>\n<li data-sourcepos=\"10:1-10:36\">Anyag: gumi \u00e9s k\u00f3kuszrost<\/li>\n<li data-sourcepos=\"11:1-11:27\">M\u00e9ret: 75 x 45 x 1 cm<\/li>\n<li data-sourcepos=\"12:1-15:91\">V\u00e1ltozatok:\n<ul data-sourcepos=\"13:5-15:91\">\n<li data-sourcepos=\"13:5-13:51\">Dogs<\/li>\n<li data-sourcepos=\"14:5-14:52\">Cats<\/li>\n<li data-sourcepos=\"15:5-15:91\">Home is where the heart is<\/li>\n<\/ul>\n<\/li>\n<li data-sourcepos=\"16:1-17:0\">Alkalmas: Belt\u00e9ri \u00e9s k\u00fclt\u00e9ri haszn\u00e1latra, fedett helyen.<\/li>\n<\/ul>\n<p> <a class=\"continue\" href=\"https:\/\/bbdekorandmore.at\/hu\/produkt\/turmatte\/\">Continue Reading<span> L\u00e1bt\u00f6rl\u0151<\/span><\/a><\/p>","protected":false},"featured_media":3457,"comment_status":"open","ping_status":"closed","template":"","meta":{"site-sidebar-layout":"default","site-content-layout":"","ast-site-content-layout":"default","site-content-style":"default","site-sidebar-style":"default","ast-global-header-display":"","ast-banner-title-visibility":"","ast-main-header-display":"","ast-hfb-above-header-display":"","ast-hfb-below-header-display":"","ast-hfb-mobile-header-display":"","site-post-title":"","ast-breadcrumbs-content":"","ast-featured-img":"","footer-sml-layout":"","ast-disable-related-posts":"","theme-transparent-header-meta":"default","adv-header-id-meta":"","stick-header-meta":"","header-above-stick-meta":"","header-main-stick-meta":"","header-below-stick-meta":"","astra-migrate-meta-layouts":"set","ast-page-background-enabled":"default","ast-page-background-meta":{"desktop":{"background-color":"var(--ast-global-color-4)","background-image":"","background-repeat":"repeat","background-position":"center center","background-size":"auto","background-attachment":"scroll","background-type":"","background-media":"","overlay-type":"","overlay-color":"","overlay-opacity":"","overlay-gradient":""},"tablet":{"background-color":"","background-image":"","background-repeat":"repeat","background-position":"center center","background-size":"auto","background-attachment":"scroll","background-type":"","background-media":"","overlay-type":"","overlay-color":"","overlay-opacity":"","overlay-gradient":""},"mobile":{"background-color":"","background-image":"","background-repeat":"repeat","background-position":"center center","background-size":"auto","background-attachment":"scroll","background-type":"","background-media":"","overlay-type":"","overlay-color":"","overlay-opacity":"","overlay-gradient":""}},"ast-content-background-meta":{"desktop":{"background-color":"var(--ast-global-color-5)","background-image":"","background-repeat":"repeat","background-position":"center center","background-size":"auto","background-attachment":"scroll","background-type":"","background-media":"","overlay-type":"","overlay-color":"","overlay-opacity":"","overlay-gradient":""},"tablet":{"background-color":"var(--ast-global-color-5)","background-image":"","background-repeat":"repeat","background-position":"center center","background-size":"auto","background-attachment":"scroll","background-type":"","background-media":"","overlay-type":"","overlay-color":"","overlay-opacity":"","overlay-gradient":""},"mobile":{"background-color":"var(--ast-global-color-5)","background-image":"","background-repeat":"repeat","background-position":"center center","background-size":"auto","background-attachment":"scroll","background-type":"","background-media":"","overlay-type":"","overlay-color":"","overlay-opacity":"","overlay-gradient":""}}},"product_brand":[],"product_cat":[495,29],"product_tag":[538,569,542,616,596,612,613,615,611,614],"class_list":{"0":"post-3529","1":"product","2":"type-product","3":"status-publish","4":"has-post-thumbnail","6":"product_cat-wohnaccessories","7":"product_cat-geschenkideen","8":"product_tag-clayre-eef","9":"product_tag-dekoration","10":"product_tag-geschenk","11":"product_tag-gummi","12":"product_tag-herz","13":"product_tag-hunde","14":"product_tag-katzen","15":"product_tag-kokosfaser","16":"product_tag-turmatte","17":"product_tag-willkommen","18":"tm-no-options","19":"desktop-align-left","20":"tablet-align-left","21":"mobile-align-left","23":"first","24":"instock","25":"shipping-taxable","26":"purchasable","27":"product-type-variable"},"_links":{"self":[{"href":"https:\/\/bbdekorandmore.at\/hu\/wp-json\/wp\/v2\/product\/3529","targetHints":{"allow":["GET"]}}],"collection":[{"href":"https:\/\/bbdekorandmore.at\/hu\/wp-json\/wp\/v2\/product"}],"about":[{"href":"https:\/\/bbdekorandmore.at\/hu\/wp-json\/wp\/v2\/types\/product"}],"replies":[{"embeddable":true,"href":"https:\/\/bbdekorandmore.at\/hu\/wp-json\/wp\/v2\/comments?post=3529"}],"wp:featuredmedia":[{"embeddable":true,"href":"https:\/\/bbdekorandmore.at\/hu\/wp-json\/wp\/v2\/media\/3457"}],"wp:attachment":[{"href":"https:\/\/bbdekorandmore.at\/hu\/wp-json\/wp\/v2\/media?parent=3529"}],"wp:term":[{"taxonomy":"product_brand","embeddable":true,"href":"https:\/\/bbdekorandmore.at\/hu\/wp-json\/wp\/v2\/product_brand?post=3529"},{"taxonomy":"product_cat","embeddable":true,"href":"https:\/\/bbdekorandmore.at\/hu\/wp-json\/wp\/v2\/product_cat?post=3529"},{"taxonomy":"product_tag","embeddable":true,"href":"https:\/\/bbdekorandmore.at\/hu\/wp-json\/wp\/v2\/product_tag?post=3529"}],"curies":[{"name":"wp","href":"https:\/\/api.w.org\/{rel}","templated":true}]}}