{"id":3541,"date":"2024-03-03T17:25:33","date_gmt":"2024-03-03T17:25:33","guid":{"rendered":"http:\/\/bbdekorandmore.at\/?post_type=product&#038;p=3541"},"modified":"2025-12-15T18:51:30","modified_gmt":"2025-12-15T18:51:30","slug":"aufbewahrungskorb","status":"publish","type":"product","link":"https:\/\/bbdekorandmore.at\/hu\/produkt\/aufbewahrungskorb\/","title":{"rendered":"T\u00e1rol\u00f3 kos\u00e1r"},"content":{"rendered":"<p data-sourcepos=\"3:1-3:24\">Term\u00e9kle\u00edr\u00e1s:<\/p>\n<p data-sourcepos=\"5:1-5:290\">Adjon otthon\u00e1nak st\u00edlusos \u00e9s b\u00e1jos jelleget a Clayre &amp; Eef var\u00e1zslatos t\u00e1rol\u00f3kosar\u00e1val. A kiv\u00e1l\u00f3 min\u0151s\u00e9g\u0171 vaskos\u00e1r leny\u0171g\u00f6z\u0151en r\u00e9szletes kialak\u00edt\u00e1s\u00e1val \u00e9s szeretetteljes r\u00e9szleteivel harmonikus hangulatot teremt otthon\u00e1ban.<\/p>\n<p data-sourcepos=\"15:1-15:23\">K\u00fcl\u00f6nleges jellemz\u0151k:<\/p>\n<ul data-sourcepos=\"17:1-21:1\">\n<li data-sourcepos=\"17:1-17:139\">St\u00edlusos kialak\u00edt\u00e1s: A filigr\u00e1n d\u00edsz\u00edt\u00e9ssel \u00e9s nosztalgikus b\u00e1jjal ell\u00e1tott kos\u00e1r romantikus \u00e9s hangulatos b\u00e1jt \u00e1raszt.<\/li>\n<li data-sourcepos=\"18:1-18:87\">Kiv\u00e1l\u00f3 min\u0151s\u00e9g\u0171 anyagok: A vas biztos\u00edtja a stabil \u00e9s tart\u00f3s kosarat.<\/li>\n<li data-sourcepos=\"19:1-19:164\">Szeretetteljes r\u00e9szletek: A dekor\u00e1ci\u00f3k r\u00e9szletes kialak\u00edt\u00e1sa \u00e9s a kiv\u00e1l\u00f3 min\u0151s\u00e9g\u0171 kivitelez\u00e9s a Clayre &amp; Eef term\u00e9kek magas min\u0151s\u00e9g\u00e9r\u0151l tan\u00faskodik.<\/li>\n<li data-sourcepos=\"20:1-20:117\">Sokoldal\u00fa haszn\u00e1lat: A kos\u00e1r k\u00fcl\u00f6nb\u00f6z\u0151 t\u00e1rgyak sz\u00e1m\u00e1ra k\u00edn\u00e1l helyet, \u00e9s szem\u00e9lyre szabhat\u00f3.<\/li>\n<li data-sourcepos=\"21:1-21:1\">Ide\u00e1lis t\u00e1rol\u00e1sra: A kos\u00e1r ide\u00e1lis \u00e9kszerek, kozmetikumok, dekor\u00e1ci\u00f3s elemek \u00e9s sok m\u00e1s t\u00e1rol\u00e1s\u00e1ra.<\/li>\n<\/ul>\n<p data-sourcepos=\"23:1-23:25\">Lehets\u00e9ges felhaszn\u00e1l\u00e1si ter\u00fcletek:<\/p>\n<ul data-sourcepos=\"25:1-29:0\">\n<li data-sourcepos=\"25:1-25:99\">T\u00e1rol\u00f3kos\u00e1r: A kos\u00e1r ide\u00e1lis h\u00e1za vagy lak\u00e1sa d\u00edsz\u00edt\u00e9s\u00e9re.<\/li>\n<li data-sourcepos=\"26:1-26:135\">T\u00e1rol\u00e1s: A kos\u00e1r haszn\u00e1lhat\u00f3 \u00e9kszerek, kozmetikumok, dekor\u00e1ci\u00f3s elemek, \u00e9dess\u00e9gek \u00e9s sok m\u00e1s t\u00e1rol\u00e1s\u00e1ra.<\/li>\n<li data-sourcepos=\"27:1-27:99\">Aj\u00e1nd\u00e9k: T\u00f6k\u00e9letes aj\u00e1nd\u00e9k bar\u00e1toknak, csal\u00e1dtagoknak \u00e9s a st\u00edlusos dekor\u00e1ci\u00f3 szerelmeseinek.<\/li>\n<li data-sourcepos=\"28:1-29:0\">Dekor\u00e1ci\u00f3: A kos\u00e1r dekor\u00e1ci\u00f3s elemk\u00e9nt is haszn\u00e1lhat\u00f3 kom\u00f3dokon, kom\u00f3dokon vagy polcokon.<\/li>\n<\/ul>\n<p data-sourcepos=\"30:1-30:13\">Megjegyz\u00e9sek:<\/p>\n<ul data-sourcepos=\"32:1-33:0\">\n<li data-sourcepos=\"32:1-33:0\">\u00c1pol\u00e1s: A kos\u00e1r nedves ruh\u00e1val tiszt\u00e1ra t\u00f6r\u00f6lhet\u0151.<\/li>\n<\/ul>","protected":false},"excerpt":{"rendered":"<p>Kiv\u00e1l\u00f3 min\u0151s\u00e9g\u0171, filigr\u00e1n d\u00edsz\u00edt\u00e9s\u0171 \u00e9s sokoldal\u00faan felhaszn\u00e1lhat\u00f3 vaskos\u00e1r a Clayre &amp; Eef-t\u0151l.<\/p>\n<p>Tov\u00e1bbi inform\u00e1ci\u00f3k:<\/p>\n<ul data-sourcepos=\"9:1-13:21\">\n<li data-sourcepos=\"9:1-9:29\">M\u00e1rka: Clayre &amp;Eef<\/li>\n<li data-sourcepos=\"10:1-10:21\">Anyag: vas<\/li>\n<li data-sourcepos=\"11:1-11:27\">M\u00e9ret: 20 x 15 x 9 cm<\/li>\n<li data-sourcepos=\"12:1-12:17\">Sz\u00edn: feh\u00e9r<\/li>\n<li data-sourcepos=\"13:1-13:21\">A csomag tartalma: 1x t\u00e1rol\u00f3kos\u00e1r<\/li>\n<\/ul>\n<p> <a class=\"continue\" href=\"https:\/\/bbdekorandmore.at\/hu\/produkt\/aufbewahrungskorb\/\">Continue Reading<span> T\u00e1rol\u00f3 kos\u00e1r<\/span><\/a><\/p>","protected":false},"featured_media":3389,"comment_status":"open","ping_status":"closed","template":"","meta":{"site-sidebar-layout":"default","site-content-layout":"","ast-site-content-layout":"default","site-content-style":"default","site-sidebar-style":"default","ast-global-header-display":"","ast-banner-title-visibility":"","ast-main-header-display":"","ast-hfb-above-header-display":"","ast-hfb-below-header-display":"","ast-hfb-mobile-header-display":"","site-post-title":"","ast-breadcrumbs-content":"","ast-featured-img":"","footer-sml-layout":"","ast-disable-related-posts":"","theme-transparent-header-meta":"default","adv-header-id-meta":"","stick-header-meta":"","header-above-stick-meta":"","header-main-stick-meta":"","header-below-stick-meta":"","astra-migrate-meta-layouts":"set","ast-page-background-enabled":"default","ast-page-background-meta":{"desktop":{"background-color":"var(--ast-global-color-4)","background-image":"","background-repeat":"repeat","background-position":"center center","background-size":"auto","background-attachment":"scroll","background-type":"","background-media":"","overlay-type":"","overlay-color":"","overlay-opacity":"","overlay-gradient":""},"tablet":{"background-color":"","background-image":"","background-repeat":"repeat","background-position":"center center","background-size":"auto","background-attachment":"scroll","background-type":"","background-media":"","overlay-type":"","overlay-color":"","overlay-opacity":"","overlay-gradient":""},"mobile":{"background-color":"","background-image":"","background-repeat":"repeat","background-position":"center center","background-size":"auto","background-attachment":"scroll","background-type":"","background-media":"","overlay-type":"","overlay-color":"","overlay-opacity":"","overlay-gradient":""}},"ast-content-background-meta":{"desktop":{"background-color":"var(--ast-global-color-5)","background-image":"","background-repeat":"repeat","background-position":"center center","background-size":"auto","background-attachment":"scroll","background-type":"","background-media":"","overlay-type":"","overlay-color":"","overlay-opacity":"","overlay-gradient":""},"tablet":{"background-color":"var(--ast-global-color-5)","background-image":"","background-repeat":"repeat","background-position":"center center","background-size":"auto","background-attachment":"scroll","background-type":"","background-media":"","overlay-type":"","overlay-color":"","overlay-opacity":"","overlay-gradient":""},"mobile":{"background-color":"var(--ast-global-color-5)","background-image":"","background-repeat":"repeat","background-position":"center center","background-size":"auto","background-attachment":"scroll","background-type":"","background-media":"","overlay-type":"","overlay-color":"","overlay-opacity":"","overlay-gradient":""}}},"product_brand":[],"product_cat":[23,472,29,495],"product_tag":[624,626,538,119,586,542,627,625,607,561,628],"class_list":{"0":"post-3541","1":"product","2":"type-product","3":"status-publish","4":"has-post-thumbnail","6":"product_cat-ostern","7":"product_cat-accessories","8":"product_cat-geschenkideen","9":"product_cat-wohnaccessories","10":"product_tag-aufbewahrungskorb","11":"product_tag-bad","12":"product_tag-clayre-eef","13":"product_tag-deko","14":"product_tag-eisen","15":"product_tag-geschenk","16":"product_tag-kuche","17":"product_tag-ordnung","18":"product_tag-stilvoll","19":"product_tag-weis","20":"product_tag-wohnbereich","21":"tm-no-options","22":"desktop-align-left","23":"tablet-align-left","24":"mobile-align-left","26":"first","27":"instock","28":"shipping-taxable","29":"purchasable","30":"product-type-simple"},"_links":{"self":[{"href":"https:\/\/bbdekorandmore.at\/hu\/wp-json\/wp\/v2\/product\/3541","targetHints":{"allow":["GET"]}}],"collection":[{"href":"https:\/\/bbdekorandmore.at\/hu\/wp-json\/wp\/v2\/product"}],"about":[{"href":"https:\/\/bbdekorandmore.at\/hu\/wp-json\/wp\/v2\/types\/product"}],"replies":[{"embeddable":true,"href":"https:\/\/bbdekorandmore.at\/hu\/wp-json\/wp\/v2\/comments?post=3541"}],"wp:featuredmedia":[{"embeddable":true,"href":"https:\/\/bbdekorandmore.at\/hu\/wp-json\/wp\/v2\/media\/3389"}],"wp:attachment":[{"href":"https:\/\/bbdekorandmore.at\/hu\/wp-json\/wp\/v2\/media?parent=3541"}],"wp:term":[{"taxonomy":"product_brand","embeddable":true,"href":"https:\/\/bbdekorandmore.at\/hu\/wp-json\/wp\/v2\/product_brand?post=3541"},{"taxonomy":"product_cat","embeddable":true,"href":"https:\/\/bbdekorandmore.at\/hu\/wp-json\/wp\/v2\/product_cat?post=3541"},{"taxonomy":"product_tag","embeddable":true,"href":"https:\/\/bbdekorandmore.at\/hu\/wp-json\/wp\/v2\/product_tag?post=3541"}],"curies":[{"name":"wp","href":"https:\/\/api.w.org\/{rel}","templated":true}]}}