{"id":3560,"date":"2024-03-03T21:02:32","date_gmt":"2024-03-03T21:02:32","guid":{"rendered":"http:\/\/bbdekorandmore.at\/?post_type=product&#038;p=3560"},"modified":"2026-03-10T19:50:40","modified_gmt":"2026-03-10T19:50:40","slug":"butterdose","status":"publish","type":"product","link":"https:\/\/bbdekorandmore.at\/hu\/produkt\/butterdose\/","title":{"rendered":"Vajtart\u00f3"},"content":{"rendered":"<p data-sourcepos=\"3:1-3:24\">Term\u00e9kle\u00edr\u00e1s:<\/p>\n<p data-sourcepos=\"5:1-5:68\">Adjon konyh\u00e1j\u00e1nak st\u00edlusos \u00e9s b\u00e1jos jelleget a Clayre &amp; Eef var\u00e1zslatos teh\u00e9n alak\u00fa vajtart\u00f3j\u00e1val. A kiv\u00e1l\u00f3 min\u0151s\u00e9g\u0171 ker\u00e1miaed\u00e9ny leny\u0171g\u00f6z\u0151en r\u00e9szletes kialak\u00edt\u00e1s\u00e1val \u00e9s szeretetteljes r\u00e9szleteivel harmonikus hangulatot teremt otthon\u00e1ban.<\/p>\n<p data-sourcepos=\"15:1-15:23\">K\u00fcl\u00f6nleges jellemz\u0151k:<\/p>\n<ul data-sourcepos=\"17:1-20:155\">\n<li data-sourcepos=\"17:1-17:175\">St\u00edlusos kialak\u00edt\u00e1s: A teh\u00e9n form\u00e1j\u00fa vajtart\u00f3 r\u00e9szletes kialak\u00edt\u00e1s\u00e1val \u00e9s fekete \u00e9kezeteivel nosztalgikus, m\u00e9gis modern b\u00e1jt \u00e1raszt.<\/li>\n<li data-sourcepos=\"18:1-18:96\">Kiv\u00e1l\u00f3 min\u0151s\u00e9g\u0171 anyag: A ker\u00e1mia tart\u00f3s \u00e9s k\u00f6nnyen \u00e1polhat\u00f3 vajtart\u00f3t biztos\u00edt.<\/li>\n<li data-sourcepos=\"19:1-19:132\">Szeretettel kidolgozott r\u00e9szletek: A k\u00e9zzel k\u00e9sz\u00edtett vajtart\u00f3 \u00e9s a kiv\u00e1l\u00f3 min\u0151s\u00e9g\u0171 kivitel a term\u00e9kek magas min\u0151s\u00e9g\u00e9r\u0151l tan\u00faskodik.<\/li>\n<li data-sourcepos=\"20:1-20:155\">Praktikus \u00e9s dekorat\u00edv: a vajtart\u00f3 ide\u00e1lis a vaj t\u00e1rol\u00e1s\u00e1ra, \u00e9s igazi l\u00e1tv\u00e1nyoss\u00e1g minden konyhaasztalon.<\/li>\n<li data-sourcepos=\"21:1-22:0\">T\u00f6k\u00e9letes aj\u00e1nd\u00e9k: T\u00f6k\u00e9letes aj\u00e1nd\u00e9k bar\u00e1toknak, csal\u00e1dtagoknak \u00e9s a st\u00edlusos otthoni kieg\u00e9sz\u00edt\u0151k \u00e9s konyhai eszk\u00f6z\u00f6k szerelmeseinek.<\/li>\n<\/ul>\n<p data-sourcepos=\"23:1-23:13\">Megjegyz\u00e9sek:<\/p>\n<ul data-sourcepos=\"25:1-27:0\">\n<li data-sourcepos=\"25:1-25:102\">\u00c1pol\u00e1s: A vajtart\u00f3t k\u00e9zzel kell mosni a sz\u00ednek \u00e9s a minta meg\u0151rz\u00e9se \u00e9rdek\u00e9ben.<\/li>\n<li data-sourcepos=\"26:1-27:0\">Mosogat\u00f3g\u00e9p: A vajtart\u00f3 nem moshat\u00f3 mosogat\u00f3g\u00e9pben.<\/li>\n<\/ul>","protected":false},"excerpt":{"rendered":"<p>Var\u00e1zsoljon b\u00e1jt konyh\u00e1j\u00e1ba a Clayre &amp; Eef, teh\u00e9n alak\u00fa vajtart\u00f3j\u00e1val. K\u00e9zzel k\u00e9sz\u00edtett, feh\u00e9r sz\u00edn\u0171 ker\u00e1miat\u00e1l, r\u00e9szletes teh\u00e9n mint\u00e1val a vaj st\u00edlusos t\u00e1rol\u00e1s\u00e1ra.<\/p>\n<p>Tov\u00e1bbi inform\u00e1ci\u00f3k:<\/p>\n<ul data-sourcepos=\"9:1-10:23\">\n<li data-sourcepos=\"9:1-9:29\">M\u00e1rka: Clayre &amp;Eef<\/li>\n<li data-sourcepos=\"10:1-10:23\">Anyag: Ker\u00e1mia<\/li>\n<li data-sourcepos=\"11:1-11:27\">M\u00e9ret: 18 x 14 x 8 cm<\/li>\n<li data-sourcepos=\"12:1-12:17\">Sz\u00edn: feh\u00e9r<\/li>\n<li data-sourcepos=\"13:1-13:33\">Sz\u00e1ll\u00edt\u00e1si terjedelem: 1x vajtart\u00f3<\/li>\n<\/ul>\n<p> <a class=\"continue\" href=\"https:\/\/bbdekorandmore.at\/hu\/produkt\/butterdose\/\">Continue Reading<span> Vajtart\u00f3<\/span><\/a><\/p>","protected":false},"featured_media":3492,"comment_status":"open","ping_status":"closed","template":"","meta":{"site-sidebar-layout":"default","site-content-layout":"","ast-site-content-layout":"default","site-content-style":"default","site-sidebar-style":"default","ast-global-header-display":"","ast-banner-title-visibility":"","ast-main-header-display":"","ast-hfb-above-header-display":"","ast-hfb-below-header-display":"","ast-hfb-mobile-header-display":"","site-post-title":"","ast-breadcrumbs-content":"","ast-featured-img":"","footer-sml-layout":"","ast-disable-related-posts":"","theme-transparent-header-meta":"default","adv-header-id-meta":"","stick-header-meta":"","header-above-stick-meta":"","header-main-stick-meta":"","header-below-stick-meta":"","astra-migrate-meta-layouts":"set","ast-page-background-enabled":"default","ast-page-background-meta":{"desktop":{"background-color":"var(--ast-global-color-4)","background-image":"","background-repeat":"repeat","background-position":"center center","background-size":"auto","background-attachment":"scroll","background-type":"","background-media":"","overlay-type":"","overlay-color":"","overlay-opacity":"","overlay-gradient":""},"tablet":{"background-color":"","background-image":"","background-repeat":"repeat","background-position":"center center","background-size":"auto","background-attachment":"scroll","background-type":"","background-media":"","overlay-type":"","overlay-color":"","overlay-opacity":"","overlay-gradient":""},"mobile":{"background-color":"","background-image":"","background-repeat":"repeat","background-position":"center center","background-size":"auto","background-attachment":"scroll","background-type":"","background-media":"","overlay-type":"","overlay-color":"","overlay-opacity":"","overlay-gradient":""}},"ast-content-background-meta":{"desktop":{"background-color":"var(--ast-global-color-5)","background-image":"","background-repeat":"repeat","background-position":"center center","background-size":"auto","background-attachment":"scroll","background-type":"","background-media":"","overlay-type":"","overlay-color":"","overlay-opacity":"","overlay-gradient":""},"tablet":{"background-color":"var(--ast-global-color-5)","background-image":"","background-repeat":"repeat","background-position":"center center","background-size":"auto","background-attachment":"scroll","background-type":"","background-media":"","overlay-type":"","overlay-color":"","overlay-opacity":"","overlay-gradient":""},"mobile":{"background-color":"var(--ast-global-color-5)","background-image":"","background-repeat":"repeat","background-position":"center center","background-size":"auto","background-attachment":"scroll","background-type":"","background-media":"","overlay-type":"","overlay-color":"","overlay-opacity":"","overlay-gradient":""}}},"product_brand":[],"product_cat":[495,29],"product_tag":[630,687,684,538,569,542,686,559,627,685,561],"class_list":{"0":"post-3560","1":"product","2":"type-product","3":"status-publish","4":"has-post-thumbnail","6":"product_cat-wohnaccessories","7":"product_cat-geschenkideen","8":"product_tag-aufbewahrung","9":"product_tag-butter","10":"product_tag-butterdose","11":"product_tag-clayre-eef","12":"product_tag-dekoration","13":"product_tag-geschenk","14":"product_tag-handgefertigt","15":"product_tag-keramik","16":"product_tag-kuche","17":"product_tag-kuh","18":"product_tag-weis","19":"tm-no-options","20":"desktop-align-left","21":"tablet-align-left","22":"mobile-align-left","24":"first","25":"instock","26":"shipping-taxable","27":"purchasable","28":"product-type-simple"},"_links":{"self":[{"href":"https:\/\/bbdekorandmore.at\/hu\/wp-json\/wp\/v2\/product\/3560","targetHints":{"allow":["GET"]}}],"collection":[{"href":"https:\/\/bbdekorandmore.at\/hu\/wp-json\/wp\/v2\/product"}],"about":[{"href":"https:\/\/bbdekorandmore.at\/hu\/wp-json\/wp\/v2\/types\/product"}],"replies":[{"embeddable":true,"href":"https:\/\/bbdekorandmore.at\/hu\/wp-json\/wp\/v2\/comments?post=3560"}],"wp:featuredmedia":[{"embeddable":true,"href":"https:\/\/bbdekorandmore.at\/hu\/wp-json\/wp\/v2\/media\/3492"}],"wp:attachment":[{"href":"https:\/\/bbdekorandmore.at\/hu\/wp-json\/wp\/v2\/media?parent=3560"}],"wp:term":[{"taxonomy":"product_brand","embeddable":true,"href":"https:\/\/bbdekorandmore.at\/hu\/wp-json\/wp\/v2\/product_brand?post=3560"},{"taxonomy":"product_cat","embeddable":true,"href":"https:\/\/bbdekorandmore.at\/hu\/wp-json\/wp\/v2\/product_cat?post=3560"},{"taxonomy":"product_tag","embeddable":true,"href":"https:\/\/bbdekorandmore.at\/hu\/wp-json\/wp\/v2\/product_tag?post=3560"}],"curies":[{"name":"wp","href":"https:\/\/api.w.org\/{rel}","templated":true}]}}