{"id":3563,"date":"2024-03-03T21:15:03","date_gmt":"2024-03-03T21:15:03","guid":{"rendered":"http:\/\/bbdekorandmore.at\/?post_type=product&#038;p=3563"},"modified":"2025-09-02T17:19:12","modified_gmt":"2025-09-02T17:19:12","slug":"vintage-wanduhr","status":"publish","type":"product","link":"https:\/\/bbdekorandmore.at\/hu\/produkt\/vintage-wanduhr\/","title":{"rendered":"Vintage fali\u00f3ra"},"content":{"rendered":"<p data-sourcepos=\"3:1-3:24\">Term\u00e9kle\u00edr\u00e1s:<\/p>\n<p data-sourcepos=\"5:1-5:313\">Adjon otthon\u00e1nak st\u00edlusos \u00e9s nosztalgikus jelleget a Clayre &amp; Eef var\u00e1zslatos, vintage diz\u00e1jn\u00fa fali\u00f3r\u00e1j\u00e1val. A kiv\u00e1l\u00f3 min\u0151s\u00e9g\u0171, f\u00e1b\u00f3l \u00e9s m\u0171anyagb\u00f3l k\u00e9sz\u00fclt \u00f3ra leny\u0171g\u00f6z\u0151en r\u00e9szletes kialak\u00edt\u00e1s\u00e1val \u00e9s szeretetteljes r\u00e9szleteivel harmonikus hangulatot teremt otthon\u00e1ban.<\/p>\n<p data-sourcepos=\"21:1-21:23\">K\u00fcl\u00f6nleges jellemz\u0151k:<\/p>\n<ul data-sourcepos=\"23:1-28:0\">\n<li data-sourcepos=\"23:1-23:164\">St\u00edlusos kialak\u00edt\u00e1s: A vintage megjelen\u00e9s\u0171 \u00f3ra nosztalgikus kialak\u00edt\u00e1s\u00e1val \u00e9s r\u00f3mai sz\u00e1mjegyeivel eleg\u00e1ns, m\u00e9gis hangulatos b\u00e1jt \u00e1raszt.<\/li>\n<li data-sourcepos=\"24:1-24:106\">Kiv\u00e1l\u00f3 min\u0151s\u00e9g\u0171 anyagok: A f\u00e1b\u00f3l k\u00e9sz\u00fclt tok \u00e9s a m\u0171anyag bor\u00edt\u00e1s hossz\u00fa \u00e9lettartamot biztos\u00edt az \u00f3r\u00e1nak.<\/li>\n<li data-sourcepos=\"25:1-25:130\">Kedves r\u00e9szletek: A burkolaton tal\u00e1lhat\u00f3 d\u00edsz\u00edt\u00e9sek \u00e9s a kiv\u00e1l\u00f3 min\u0151s\u00e9g\u0171 kivitelez\u00e9s a term\u00e9kek magas min\u0151s\u00e9g\u00e9r\u0151l tan\u00faskodnak.<\/li>\n<li data-sourcepos=\"26:1-26:132\">K\u00f6nnyen kezelhet\u0151: Az \u00f3ra k\u00f6nnyen kezelhet\u0151, \u00e9s az id\u0151 be\u00e1ll\u00edt\u00e1s\u00e1hoz sima j\u00e1r\u00e1s\u00fa forgat\u00f3gombbal rendelkezik.<\/li>\n<li data-sourcepos=\"27:1-28:0\">Dekorat\u00edv szemet gy\u00f6ny\u00f6rk\u00f6dtet\u0151: Az \u00f3ra igazi szemet gy\u00f6ny\u00f6rk\u00f6dtet\u0151 az otthonod b\u00e1rmelyik fal\u00e1n.<\/li>\n<\/ul>\n<p data-sourcepos=\"29:1-29:25\">Lehets\u00e9ges felhaszn\u00e1l\u00e1si ter\u00fcletek:<\/p>\n<ul data-sourcepos=\"31:1-34:0\">\n<li data-sourcepos=\"31:1-31:69\">Id\u0151kijelz\u00e9s: Az \u00f3ra ide\u00e1lis az id\u0151 kijelz\u00e9s\u00e9re.<\/li>\n<li data-sourcepos=\"32:1-32:112\">Dekor\u00e1ci\u00f3: Az \u00f3ra dekor\u00e1ci\u00f3s elemk\u00e9nt is haszn\u00e1lhat\u00f3 a falakon, polcokon vagy kom\u00f3dokon.<\/li>\n<li data-sourcepos=\"33:1-34:0\">Aj\u00e1nd\u00e9k: T\u00f6k\u00e9letes aj\u00e1nd\u00e9k bar\u00e1toknak, csal\u00e1dtagoknak \u00e9s a st\u00edlusos otthoni kieg\u00e9sz\u00edt\u0151k \u00e9s a vintage dekor\u00e1ci\u00f3 szerelmeseinek.<\/li>\n<\/ul>\n<p data-sourcepos=\"35:1-35:13\">Megjegyz\u00e9sek:<\/p>\n<ul data-sourcepos=\"37:1-39:0\">\n<li data-sourcepos=\"37:1-37:69\">\u00c1pol\u00e1s: Az \u00f3ra nedves ruh\u00e1val let\u00f6r\u00f6lhet\u0151.<\/li>\n<li data-sourcepos=\"38:1-39:0\">Elem: Az \u00f3ra 1x AA elemet ig\u00e9nyel (nem tartoz\u00e9k).<\/li>\n<\/ul>","protected":false},"excerpt":{"rendered":"<p>Var\u00e1zsoljon nosztalgikus b\u00e1jt otthon\u00e1ba a Clayre &amp; Eef var\u00e1zslatos, vintage diz\u00e1jn\u00fa fali\u00f3r\u00e1j\u00e1val. Kiv\u00e1l\u00f3 min\u0151s\u00e9g\u0171, f\u00e1b\u00f3l \u00e9s m\u0171anyagb\u00f3l k\u00e9sz\u00fclt \u00f3ra r\u00f3mai sz\u00e1mlapj\u00e1val \u00e9s id\u0151jelz\u00e9ssel.<\/p>\n<p>Tov\u00e1bbi inform\u00e1ci\u00f3k:<\/p>\n<ul data-sourcepos=\"9:1-20:0\">\n<li data-sourcepos=\"9:1-9:29\">M\u00e1rka: Clayre &amp;Eef<\/li>\n<li data-sourcepos=\"10:1-12:30\">Anyag:\n<ul data-sourcepos=\"11:5-12:30\">\n<li data-sourcepos=\"11:5-11:19\">Burkolat: fa<\/li>\n<li data-sourcepos=\"12:5-12:30\">Sz\u00e1mlap: m\u0171anyag<\/li>\n<\/ul>\n<\/li>\n<li data-sourcepos=\"13:1-13:22\">M\u00e9ret: 34 x 4 cm<\/li>\n<li data-sourcepos=\"14:1-14:18\">Sz\u00edn: barna<\/li>\n<li data-sourcepos=\"15:1-15:20\">Mozg\u00e1s: kvarc<\/li>\n<li data-sourcepos=\"16:1-16:55\">Elem: 1x AA (nem tartoz\u00e9k)<\/li>\n<li data-sourcepos=\"17:1-18:17\">Funkci\u00f3k:\n<ul data-sourcepos=\"18:5-18:17\">\n<li data-sourcepos=\"18:5-18:17\">Id\u0151kijelz\u00e9s<\/li>\n<\/ul>\n<\/li>\n<li data-sourcepos=\"19:1-20:0\">Sz\u00e1ll\u00edt\u00e1si mennyis\u00e9g: 1x fali\u00f3ra<\/li>\n<\/ul>\n<p> <a class=\"continue\" href=\"https:\/\/bbdekorandmore.at\/hu\/produkt\/vintage-wanduhr\/\">Continue Reading<span> Vintage fali\u00f3ra<\/span><\/a><\/p>","protected":false},"featured_media":3508,"comment_status":"open","ping_status":"closed","template":"","meta":{"site-sidebar-layout":"default","site-content-layout":"","ast-site-content-layout":"default","site-content-style":"default","site-sidebar-style":"default","ast-global-header-display":"","ast-banner-title-visibility":"","ast-main-header-display":"","ast-hfb-above-header-display":"","ast-hfb-below-header-display":"","ast-hfb-mobile-header-display":"","site-post-title":"","ast-breadcrumbs-content":"","ast-featured-img":"","footer-sml-layout":"","ast-disable-related-posts":"","theme-transparent-header-meta":"default","adv-header-id-meta":"","stick-header-meta":"","header-above-stick-meta":"","header-main-stick-meta":"","header-below-stick-meta":"","astra-migrate-meta-layouts":"set","ast-page-background-enabled":"default","ast-page-background-meta":{"desktop":{"background-color":"var(--ast-global-color-4)","background-image":"","background-repeat":"repeat","background-position":"center center","background-size":"auto","background-attachment":"scroll","background-type":"","background-media":"","overlay-type":"","overlay-color":"","overlay-opacity":"","overlay-gradient":""},"tablet":{"background-color":"","background-image":"","background-repeat":"repeat","background-position":"center center","background-size":"auto","background-attachment":"scroll","background-type":"","background-media":"","overlay-type":"","overlay-color":"","overlay-opacity":"","overlay-gradient":""},"mobile":{"background-color":"","background-image":"","background-repeat":"repeat","background-position":"center center","background-size":"auto","background-attachment":"scroll","background-type":"","background-media":"","overlay-type":"","overlay-color":"","overlay-opacity":"","overlay-gradient":""}},"ast-content-background-meta":{"desktop":{"background-color":"var(--ast-global-color-5)","background-image":"","background-repeat":"repeat","background-position":"center center","background-size":"auto","background-attachment":"scroll","background-type":"","background-media":"","overlay-type":"","overlay-color":"","overlay-opacity":"","overlay-gradient":""},"tablet":{"background-color":"var(--ast-global-color-5)","background-image":"","background-repeat":"repeat","background-position":"center center","background-size":"auto","background-attachment":"scroll","background-type":"","background-media":"","overlay-type":"","overlay-color":"","overlay-opacity":"","overlay-gradient":""},"mobile":{"background-color":"var(--ast-global-color-5)","background-image":"","background-repeat":"repeat","background-position":"center center","background-size":"auto","background-attachment":"scroll","background-type":"","background-media":"","overlay-type":"","overlay-color":"","overlay-opacity":"","overlay-gradient":""}}},"product_brand":[],"product_cat":[495,29],"product_tag":[585,538,569,542,587,690,671,657,688,672],"class_list":{"0":"post-3563","1":"product","2":"type-product","3":"status-publish","4":"has-post-thumbnail","6":"product_cat-wohnaccessories","7":"product_cat-geschenkideen","8":"product_tag-braun","9":"product_tag-clayre-eef","10":"product_tag-dekoration","11":"product_tag-geschenk","12":"product_tag-holz","13":"product_tag-kunststoff","14":"product_tag-uhr","15":"product_tag-vintage","16":"product_tag-wanduhr","17":"product_tag-zeitanzeige","18":"tm-no-options","19":"desktop-align-left","20":"tablet-align-left","21":"mobile-align-left","23":"first","24":"instock","25":"shipping-taxable","26":"purchasable","27":"product-type-simple"},"_links":{"self":[{"href":"https:\/\/bbdekorandmore.at\/hu\/wp-json\/wp\/v2\/product\/3563","targetHints":{"allow":["GET"]}}],"collection":[{"href":"https:\/\/bbdekorandmore.at\/hu\/wp-json\/wp\/v2\/product"}],"about":[{"href":"https:\/\/bbdekorandmore.at\/hu\/wp-json\/wp\/v2\/types\/product"}],"replies":[{"embeddable":true,"href":"https:\/\/bbdekorandmore.at\/hu\/wp-json\/wp\/v2\/comments?post=3563"}],"wp:featuredmedia":[{"embeddable":true,"href":"https:\/\/bbdekorandmore.at\/hu\/wp-json\/wp\/v2\/media\/3508"}],"wp:attachment":[{"href":"https:\/\/bbdekorandmore.at\/hu\/wp-json\/wp\/v2\/media?parent=3563"}],"wp:term":[{"taxonomy":"product_brand","embeddable":true,"href":"https:\/\/bbdekorandmore.at\/hu\/wp-json\/wp\/v2\/product_brand?post=3563"},{"taxonomy":"product_cat","embeddable":true,"href":"https:\/\/bbdekorandmore.at\/hu\/wp-json\/wp\/v2\/product_cat?post=3563"},{"taxonomy":"product_tag","embeddable":true,"href":"https:\/\/bbdekorandmore.at\/hu\/wp-json\/wp\/v2\/product_tag?post=3563"}],"curies":[{"name":"wp","href":"https:\/\/api.w.org\/{rel}","templated":true}]}}