{"id":3618,"date":"2024-03-20T21:08:13","date_gmt":"2024-03-20T21:08:13","guid":{"rendered":"https:\/\/bbdekorandmore.at\/?post_type=product&#038;p=3618"},"modified":"2024-03-22T12:37:41","modified_gmt":"2024-03-22T12:37:41","slug":"kaninchen-mit-goldenem-eier","status":"publish","type":"product","link":"https:\/\/bbdekorandmore.at\/hu\/produkt\/kaninchen-mit-goldenem-eier\/","title":{"rendered":"Ny\u00fal aranytoj\u00e1ssal"},"content":{"rendered":"<p data-sourcepos=\"3:1-3:24\">Term\u00e9kle\u00edr\u00e1s:<\/p>\n<p data-sourcepos=\"5:1-5:323\">Var\u00e1zsoljon otthon\u00e1ba egy csipetnyi eleganci\u00e1t \u00e9s \u00fcnnepi vid\u00e1ms\u00e1got a Clayre &amp; Eef m\u00e1rka var\u00e1zslatos \"Ny\u00fal aranytoj\u00e1ssal\" c\u00edm\u0171 darabj\u00e1val. A k\u00e9t eleg\u00e1ns, feh\u00e9r \u00e9s arany sz\u00edn\u0171, csillog\u00f3 r\u00e9szletekkel d\u00edsz\u00edtett ny\u00falfigura h\u00fasv\u00e9ti hangulatot \u00e9s csillog\u00f3 pomp\u00e1t visz a dekor\u00e1ci\u00f3ba.<\/p>\n<p data-sourcepos=\"17:1-17:23\">K\u00fcl\u00f6nleges jellemz\u0151k:<\/p>\n<ul data-sourcepos=\"19:1-24:0\">\n<li data-sourcepos=\"19:1-19:147\">Eleg\u00e1ns design: A k\u00e9t h\u00fasv\u00e9ti nyuszi figura feh\u00e9r \u00e9s arany sz\u00ednben, valamint a csillog\u00f3 elemek eleganci\u00e1t \u00e9s \u00fcnnepi \u00f6r\u00f6m\u00f6t sug\u00e1roznak.<\/li>\n<li data-sourcepos=\"20:1-20:104\">Kiv\u00e1l\u00f3 min\u0151s\u00e9g\u0171 anyagok: A polirezin biztos\u00edtja, hogy a figur\u00e1k robusztusak \u00e9s tart\u00f3sak legyenek.<\/li>\n<li data-sourcepos=\"21:1-21:172\">Finom r\u00e9szletek: A h\u00fasv\u00e9ti nyuszi figur\u00e1k \u00e9s a dekor\u00e1ci\u00f3k r\u00e9szletes kialak\u00edt\u00e1sa a Clayre &amp; Eef term\u00e9kek magas min\u0151s\u00e9g\u00e9r\u0151l tan\u00faskodik.<\/li>\n<li data-sourcepos=\"22:1-22:131\">\u00dcnnepi sz\u00ednek: A feh\u00e9r \u00e9s arany sz\u00ednek, valamint a csillog\u00f3 r\u00e9szletek kiemelik a figur\u00e1k \u00fcnnepi jelleg\u00e9t.<\/li>\n<li data-sourcepos=\"23:1-24:0\">Ide\u00e1lis h\u00fasv\u00e9ti dekor\u00e1ci\u00f3: A figur\u00e1k ide\u00e1lisak nappalik, t\u00e9likertek \u00e9s el\u0151szob\u00e1k d\u00edsz\u00edt\u00e9s\u00e9re a h\u00fasv\u00e9ti id\u0151szakban.<\/li>\n<\/ul>\n<p data-sourcepos=\"25:1-25:25\">Lehets\u00e9ges felhaszn\u00e1l\u00e1si ter\u00fcletek:<\/p>\n<ul data-sourcepos=\"27:1-30:0\">\n<li data-sourcepos=\"27:1-27:123\">Dekor\u00e1ci\u00f3: A figur\u00e1k ide\u00e1lisak nappalik, t\u00e9likertek \u00e9s el\u0151szob\u00e1k d\u00edsz\u00edt\u00e9s\u00e9re a h\u00fasv\u00e9ti id\u0151szakban.<\/li>\n<li data-sourcepos=\"28:1-28:89\">Aj\u00e1nd\u00e9k: T\u00f6k\u00e9letes aj\u00e1nd\u00e9k bar\u00e1toknak, csal\u00e1dtagoknak \u00e9s Clayre &amp; Eef rajong\u00f3knak.<\/li>\n<li data-sourcepos=\"29:1-30:0\">Gy\u0171jt\u0151i darab: A figur\u00e1k nagyszer\u0171 gy\u0171jt\u0151i darabot jelentenek az eleg\u00e1ns d\u00edsz\u00edt\u0151elemek kedvel\u0151inek.<\/li>\n<\/ul>\n<p data-sourcepos=\"31:1-31:13\">Megjegyz\u00e9sek:<\/p>\n<ul data-sourcepos=\"33:1-35:0\">\n<li data-sourcepos=\"33:1-33:60\">A figur\u00e1k nem alkalmasak 3 \u00e9v alatti gyermekek sz\u00e1m\u00e1ra.<\/li>\n<li data-sourcepos=\"34:1-35:0\">Dekorationsartikel \u2013 kein Spielzeug.<\/li>\n<\/ul>","protected":false},"excerpt":{"rendered":"<p data-sourcepos=\"45:1-45:119\">Adjon egy csipetnyi eleganci\u00e1t a h\u00fasv\u00e9ti dekor\u00e1ci\u00f3j\u00e1hoz a Clayre &amp; Eef arany toj\u00e1sos ny\u00fal figur\u00e1ival.<\/p>\n<p data-sourcepos=\"7:1-7:21\">Tov\u00e1bbi inform\u00e1ci\u00f3k:<\/p>\n<ul data-sourcepos=\"9:1-16:0\">\n<li data-sourcepos=\"9:1-9:29\">M\u00e1rka: Clayre &amp;Eef<\/li>\n<li data-sourcepos=\"10:1-10:25\">Anyag: polirezin<\/li>\n<li data-sourcepos=\"11:1-11:28\">M\u00e9ret: 5 x 5 x 15 cm<\/li>\n<li data-sourcepos=\"12:1-14:10\">V\u00e1ltozatok:\n<ul data-sourcepos=\"13:5-14:10\">\n<li data-sourcepos=\"14:5-14:10\">Ny\u00falf\u00e9rfi<\/li>\n<li data-sourcepos=\"14:5-14:10\">Ny\u00fal n\u0151<\/li>\n<\/ul>\n<\/li>\n<li data-sourcepos=\"15:1-16:0\">A csomag tartalma: 1 db \"Ny\u00fal aranytoj\u00e1s figur\u00e1val\"<\/li>\n<\/ul>\n<p> <a class=\"continue\" href=\"https:\/\/bbdekorandmore.at\/hu\/produkt\/kaninchen-mit-goldenem-eier\/\">Continue Reading<span> Ny\u00fal aranytoj\u00e1ssal<\/span><\/a><\/p>","protected":false},"featured_media":2912,"comment_status":"open","ping_status":"closed","template":"","meta":{"site-sidebar-layout":"default","site-content-layout":"","ast-site-content-layout":"default","site-content-style":"default","site-sidebar-style":"default","ast-global-header-display":"","ast-banner-title-visibility":"","ast-main-header-display":"","ast-hfb-above-header-display":"","ast-hfb-below-header-display":"","ast-hfb-mobile-header-display":"","site-post-title":"","ast-breadcrumbs-content":"","ast-featured-img":"","footer-sml-layout":"","ast-disable-related-posts":"","theme-transparent-header-meta":"default","adv-header-id-meta":"","stick-header-meta":"","header-above-stick-meta":"","header-main-stick-meta":"","header-below-stick-meta":"","astra-migrate-meta-layouts":"set","ast-page-background-enabled":"default","ast-page-background-meta":{"desktop":{"background-color":"var(--ast-global-color-4)","background-image":"","background-repeat":"repeat","background-position":"center center","background-size":"auto","background-attachment":"scroll","background-type":"","background-media":"","overlay-type":"","overlay-color":"","overlay-opacity":"","overlay-gradient":""},"tablet":{"background-color":"","background-image":"","background-repeat":"repeat","background-position":"center center","background-size":"auto","background-attachment":"scroll","background-type":"","background-media":"","overlay-type":"","overlay-color":"","overlay-opacity":"","overlay-gradient":""},"mobile":{"background-color":"","background-image":"","background-repeat":"repeat","background-position":"center center","background-size":"auto","background-attachment":"scroll","background-type":"","background-media":"","overlay-type":"","overlay-color":"","overlay-opacity":"","overlay-gradient":""}},"ast-content-background-meta":{"desktop":{"background-color":"var(--ast-global-color-5)","background-image":"","background-repeat":"repeat","background-position":"center center","background-size":"auto","background-attachment":"scroll","background-type":"","background-media":"","overlay-type":"","overlay-color":"","overlay-opacity":"","overlay-gradient":""},"tablet":{"background-color":"var(--ast-global-color-5)","background-image":"","background-repeat":"repeat","background-position":"center center","background-size":"auto","background-attachment":"scroll","background-type":"","background-media":"","overlay-type":"","overlay-color":"","overlay-opacity":"","overlay-gradient":""},"mobile":{"background-color":"var(--ast-global-color-5)","background-image":"","background-repeat":"repeat","background-position":"center center","background-size":"auto","background-attachment":"scroll","background-type":"","background-media":"","overlay-type":"","overlay-color":"","overlay-opacity":"","overlay-gradient":""}}},"product_brand":[],"product_cat":[23,470],"product_tag":[538,148,569,197,576,692,575,542,458,693,194,196,459,199,546],"class_list":{"0":"post-3618","1":"product","2":"type-product","3":"status-publish","4":"has-post-thumbnail","6":"product_cat-ostern","7":"product_cat-figuren-ostern","8":"product_tag-clayre-eef","9":"product_tag-dekofiguren","10":"product_tag-dekoration","11":"product_tag-dekoration-ostern","12":"product_tag-elegant","13":"product_tag-fesch","14":"product_tag-festlich","15":"product_tag-geschenk","16":"product_tag-hasenfiguren-fur-ostern","17":"product_tag-osterhasen","18":"product_tag-ostern","19":"product_tag-ostern-deko","20":"product_tag-ostern-hasenfiguren","21":"product_tag-osterndekoration","22":"product_tag-polyresin","23":"tm-no-options","24":"desktop-align-left","25":"tablet-align-left","26":"mobile-align-left","28":"first","29":"instock","30":"shipping-taxable","31":"purchasable","32":"product-type-variable"},"_links":{"self":[{"href":"https:\/\/bbdekorandmore.at\/hu\/wp-json\/wp\/v2\/product\/3618","targetHints":{"allow":["GET"]}}],"collection":[{"href":"https:\/\/bbdekorandmore.at\/hu\/wp-json\/wp\/v2\/product"}],"about":[{"href":"https:\/\/bbdekorandmore.at\/hu\/wp-json\/wp\/v2\/types\/product"}],"replies":[{"embeddable":true,"href":"https:\/\/bbdekorandmore.at\/hu\/wp-json\/wp\/v2\/comments?post=3618"}],"wp:featuredmedia":[{"embeddable":true,"href":"https:\/\/bbdekorandmore.at\/hu\/wp-json\/wp\/v2\/media\/2912"}],"wp:attachment":[{"href":"https:\/\/bbdekorandmore.at\/hu\/wp-json\/wp\/v2\/media?parent=3618"}],"wp:term":[{"taxonomy":"product_brand","embeddable":true,"href":"https:\/\/bbdekorandmore.at\/hu\/wp-json\/wp\/v2\/product_brand?post=3618"},{"taxonomy":"product_cat","embeddable":true,"href":"https:\/\/bbdekorandmore.at\/hu\/wp-json\/wp\/v2\/product_cat?post=3618"},{"taxonomy":"product_tag","embeddable":true,"href":"https:\/\/bbdekorandmore.at\/hu\/wp-json\/wp\/v2\/product_tag?post=3618"}],"curies":[{"name":"wp","href":"https:\/\/api.w.org\/{rel}","templated":true}]}}