{"id":3649,"date":"2024-04-09T09:04:48","date_gmt":"2024-04-09T09:04:48","guid":{"rendered":"https:\/\/bbdekorandmore.at\/?post_type=product&#038;p=3649"},"modified":"2024-04-09T09:04:49","modified_gmt":"2024-04-09T09:04:49","slug":"tulpen-tischdeko-im-keramiktopf","status":"publish","type":"product","link":"https:\/\/bbdekorandmore.at\/hu\/produkt\/tulpen-tischdeko-im-keramiktopf\/","title":{"rendered":"\"Tulip\u00e1nok\" asztali dekor\u00e1ci\u00f3 ker\u00e1mia ed\u00e9nyben"},"content":{"rendered":"<h4 data-sourcepos=\"1:1-1:72\">Tulip\u00e1n asztali dekor\u00e1ci\u00f3 ker\u00e1mia ed\u00e9nyben - Dekorat\u00edv asztali dekor\u00e1ci\u00f3 tavaszi var\u00e1zslattal<\/h4>\n<p data-sourcepos=\"3:1-3:119\">Adjon egy kis tavaszi hangulatot otthon\u00e1ba ezzel a var\u00e1zslatos asztali dekor\u00e1ci\u00f3val \"Tulip\u00e1n asztali dekor\u00e1ci\u00f3 ker\u00e1miaed\u00e9nyben\".<\/p>\n<p data-sourcepos=\"5:1-5:51\">Kiv\u00e1l\u00f3 min\u0151s\u00e9g\u0171 anyagok \u00e9s szeretetteljes r\u00e9szletek:<\/p>\n<ul data-sourcepos=\"7:1-11:0\">\n<li data-sourcepos=\"7:1-7:132\">A 10 cm-es ker\u00e1mia ed\u00e9nyalap t\u00f6k\u00e9letes alapot k\u00e9pez a var\u00e1zslatos dekor\u00e1ci\u00f3hoz.<\/li>\n<li data-sourcepos=\"8:1-8:122\">M\u0171vir\u00e1gok: A r\u00e9szletgazdag tulip\u00e1nok \u00e9s ranunculusok (baracksz\u00ednek) sz\u00e1raz term\u00e9sekkel \u00e9s izlandi moh\u00e1val a tavasz vid\u00e1ms\u00e1g\u00e1t hozz\u00e1k el otthon\u00e1ba.<\/li>\n<li data-sourcepos=\"9:1-9:152\">Feh\u00e9r masni pontokkal: bizonyos eleganci\u00e1t k\u00f6lcs\u00f6n\u00f6z az asztali dekor\u00e1ci\u00f3nak.<\/li>\n<\/ul>\n<p data-sourcepos=\"12:1-12:294\">Ez az asztali dekor\u00e1ci\u00f3 ide\u00e1lis aj\u00e1nd\u00e9k mindenkinek, aki szereti a tavaszi dekor\u00e1ci\u00f3kat. Ak\u00e1r az \u00e9tkez\u0151asztalon, ak\u00e1r a nappaliban vagy az ablakp\u00e1rk\u00e1nyon.<\/p>\n<p data-sourcepos=\"14:1-14:26\">Tov\u00e1bbi inform\u00e1ci\u00f3k:<\/p>\n<ul data-sourcepos=\"16:1-19:0\">\n<li data-sourcepos=\"16:1-16:63\">Anyagok: Mesters\u00e9ges tulip\u00e1nok \u00e9s ranunculusok (barack sz\u00edn\u0171ek) sz\u00e1raz term\u00e9sekkel \u00e9s izlandi moh\u00e1val, ker\u00e1miaed\u00e9ny.<\/li>\n<li data-sourcepos=\"17:1-17:50\">Ma\u00dfe: 10 x 26 cm<\/li>\n<li data-sourcepos=\"18:1-19:0\">\u00c1r: 14,90\u20ac<\/li>\n<\/ul>\n<p data-sourcepos=\"20:1-20:65\">Rendelje meg most, \u00e9s var\u00e1zsolja be a tavaszt otthon\u00e1ba!<\/p>","protected":false},"excerpt":{"rendered":"<p><strong>Tulip\u00e1n asztali dekor\u00e1ci\u00f3 ker\u00e1mia cser\u00e9pben - Dekorat\u00edv asztali dekor\u00e1ci\u00f3 m\u0171vir\u00e1gokkal \u00e9s szalaggal<\/strong><\/p>\n<p>\u2022 M\u00e9ret: 10 x 26 cm<br \/>\n\u2022 R\u00e9szletes m\u0171vir\u00e1gok (tulip\u00e1nok \u00e9s fut\u00f3n\u00f6v\u00e9nyek (barack sz\u00edn\u0171ek), sz\u00e1raz n\u00f6v\u00e9nyekkel \u00e9s izlandi moh\u00e1val)<br \/>\n\u2022 Sz\u00e9p feh\u00e9r masni p\u00f6tty\u00f6kkel<br \/>\n- tavaszias hangulatot var\u00e1zsol<br \/>\n- Ide\u00e1lis aj\u00e1nd\u00e9k<\/p>\n<p><strong>Rendelje meg most, \u00e9s var\u00e1zsolja be a tavaszt otthon\u00e1ba!<\/strong> <a class=\"continue\" href=\"https:\/\/bbdekorandmore.at\/hu\/produkt\/tulpen-tischdeko-im-keramiktopf\/\">Continue Reading<span> \"Tulip\u00e1nok\" asztali dekor\u00e1ci\u00f3 ker\u00e1mia ed\u00e9nyben<\/span><\/a><\/p>","protected":false},"featured_media":3651,"comment_status":"open","ping_status":"closed","template":"","meta":{"site-sidebar-layout":"default","site-content-layout":"","ast-site-content-layout":"default","site-content-style":"default","site-sidebar-style":"default","ast-global-header-display":"","ast-banner-title-visibility":"","ast-main-header-display":"","ast-hfb-above-header-display":"","ast-hfb-below-header-display":"","ast-hfb-mobile-header-display":"","site-post-title":"","ast-breadcrumbs-content":"","ast-featured-img":"","footer-sml-layout":"","ast-disable-related-posts":"","theme-transparent-header-meta":"default","adv-header-id-meta":"","stick-header-meta":"","header-above-stick-meta":"","header-main-stick-meta":"","header-below-stick-meta":"","astra-migrate-meta-layouts":"set","ast-page-background-enabled":"default","ast-page-background-meta":{"desktop":{"background-color":"var(--ast-global-color-4)","background-image":"","background-repeat":"repeat","background-position":"center center","background-size":"auto","background-attachment":"scroll","background-type":"","background-media":"","overlay-type":"","overlay-color":"","overlay-opacity":"","overlay-gradient":""},"tablet":{"background-color":"","background-image":"","background-repeat":"repeat","background-position":"center center","background-size":"auto","background-attachment":"scroll","background-type":"","background-media":"","overlay-type":"","overlay-color":"","overlay-opacity":"","overlay-gradient":""},"mobile":{"background-color":"","background-image":"","background-repeat":"repeat","background-position":"center center","background-size":"auto","background-attachment":"scroll","background-type":"","background-media":"","overlay-type":"","overlay-color":"","overlay-opacity":"","overlay-gradient":""}},"ast-content-background-meta":{"desktop":{"background-color":"var(--ast-global-color-5)","background-image":"","background-repeat":"repeat","background-position":"center center","background-size":"auto","background-attachment":"scroll","background-type":"","background-media":"","overlay-type":"","overlay-color":"","overlay-opacity":"","overlay-gradient":""},"tablet":{"background-color":"var(--ast-global-color-5)","background-image":"","background-repeat":"repeat","background-position":"center center","background-size":"auto","background-attachment":"scroll","background-type":"","background-media":"","overlay-type":"","overlay-color":"","overlay-opacity":"","overlay-gradient":""},"mobile":{"background-color":"var(--ast-global-color-5)","background-image":"","background-repeat":"repeat","background-position":"center center","background-size":"auto","background-attachment":"scroll","background-type":"","background-media":"","overlay-type":"","overlay-color":"","overlay-opacity":"","overlay-gradient":""}}},"product_brand":[],"product_cat":[21,29,487,466],"product_tag":[701,700,40,695,697,698,694,699,696],"class_list":{"0":"post-3649","1":"product","2":"type-product","3":"status-publish","4":"has-post-thumbnail","6":"product_cat-fruehling","7":"product_cat-geschenkideen","8":"product_cat-muttertag","9":"product_cat-tischdekoration","10":"product_tag-muttertagsgeschenk","11":"product_tag-muttertagsgeschenk-tischdekoration","12":"product_tag-tischdeko","13":"product_tag-tischdeko-mit-kunstlichen-blumen","14":"product_tag-tischdeko-mit-schleife","15":"product_tag-tischdeko-muttertag","16":"product_tag-tischdekoration","17":"product_tag-tischdekoration-muttertag","18":"product_tag-tulpen-tischdeko","19":"tm-no-options","20":"desktop-align-left","21":"tablet-align-left","22":"mobile-align-left","24":"first","25":"instock","26":"shipping-taxable","27":"purchasable","28":"product-type-simple"},"_links":{"self":[{"href":"https:\/\/bbdekorandmore.at\/hu\/wp-json\/wp\/v2\/product\/3649","targetHints":{"allow":["GET"]}}],"collection":[{"href":"https:\/\/bbdekorandmore.at\/hu\/wp-json\/wp\/v2\/product"}],"about":[{"href":"https:\/\/bbdekorandmore.at\/hu\/wp-json\/wp\/v2\/types\/product"}],"replies":[{"embeddable":true,"href":"https:\/\/bbdekorandmore.at\/hu\/wp-json\/wp\/v2\/comments?post=3649"}],"wp:featuredmedia":[{"embeddable":true,"href":"https:\/\/bbdekorandmore.at\/hu\/wp-json\/wp\/v2\/media\/3651"}],"wp:attachment":[{"href":"https:\/\/bbdekorandmore.at\/hu\/wp-json\/wp\/v2\/media?parent=3649"}],"wp:term":[{"taxonomy":"product_brand","embeddable":true,"href":"https:\/\/bbdekorandmore.at\/hu\/wp-json\/wp\/v2\/product_brand?post=3649"},{"taxonomy":"product_cat","embeddable":true,"href":"https:\/\/bbdekorandmore.at\/hu\/wp-json\/wp\/v2\/product_cat?post=3649"},{"taxonomy":"product_tag","embeddable":true,"href":"https:\/\/bbdekorandmore.at\/hu\/wp-json\/wp\/v2\/product_tag?post=3649"}],"curies":[{"name":"wp","href":"https:\/\/api.w.org\/{rel}","templated":true}]}}