{"id":3685,"date":"2024-05-23T06:59:24","date_gmt":"2024-05-23T06:59:24","guid":{"rendered":"https:\/\/bbdekorandmore.at\/?post_type=product&#038;p=3685"},"modified":"2025-01-29T19:04:05","modified_gmt":"2025-01-29T19:04:05","slug":"tischdeko-voll-mit-blumen","status":"publish","type":"product","link":"https:\/\/bbdekorandmore.at\/hu\/produkt\/tischdeko-voll-mit-blumen\/","title":{"rendered":"Vir\u00e1gokkal teli asztali dekor\u00e1ci\u00f3"},"content":{"rendered":"<p data-sourcepos=\"30:1-30:144\">V\u00e1ltoztasd eleg\u00e1ns m\u0171alkot\u00e1ss\u00e1 az asztalodat ezzel az egyedi, k\u00e9zzel k\u00e9sz\u00edtett, selyemvir\u00e1gokb\u00f3l \u00e9s szalagb\u00f3l k\u00e9sz\u00fclt asztali dekor\u00e1ci\u00f3val!<\/p>\n<ul>\n<li>Egyedi k\u00e9zm\u0171ves kivitelez\u00e9s: Ennek az asztali dekor\u00e1ci\u00f3nak minden egyes darabja k\u00e9zzel k\u00e9sz\u00fcl, a r\u00e9szletekre val\u00f3 odafigyel\u00e9ssel \u00e9s a legnagyobb gondoss\u00e1ggal. Ez\u00e9rt egy igaz\u00e1n egyedi darabot kap, amely k\u00fcl\u00f6nleges m\u00f3don fogja d\u00edsz\u00edteni otthon\u00e1t.<\/li>\n<li>Eleg\u00e1ns megjelen\u00e9s: a finom selyemvir\u00e1gok \u00e9s az eleg\u00e1ns masni id\u0151tlen eleganci\u00e1t \u00e9s kifinomults\u00e1got k\u00f6lcs\u00f6n\u00f6z az asztali dekor\u00e1ci\u00f3nak.<\/li>\n<li>T\u00f6k\u00e9letes m\u00e9ret: 17 cm-es \u00e1tm\u00e9r\u0151j\u00e9vel \u00e9s 19 cm-es magass\u00e1g\u00e1val az asztali dekor\u00e1ci\u00f3 t\u00f6k\u00e9letesen illeszkedik b\u00e1rmilyen asztalra, \u00e9s minden alkalomra figyelemfelkelt\u0151.<\/li>\n<li>Sokoldal\u00fa felhaszn\u00e1l\u00e1s: Ak\u00e1r egy eleg\u00e1ns vacsora a bar\u00e1tokkal, egy \u00fcnnepi kerekasztal a csal\u00e1ddal, ak\u00e1r dekorat\u00edv elemk\u00e9nt a nappaliban - ez az asztali dekor\u00e1ci\u00f3 mindig st\u00edlusos f\u00e9nypont.<\/li>\n<li>Kiv\u00e1l\u00f3 min\u0151s\u00e9g\u0171 anyagok: A megt\u00e9veszt\u0151en val\u00f3di selyemvir\u00e1gok \u00e9s a finom anyagb\u00f3l k\u00e9sz\u00fclt masni kiv\u00e1l\u00f3 min\u0151s\u00e9g\u0171 megjelen\u00e9st biztos\u00edt.<\/li>\n<li>Ide\u00e1lis aj\u00e1nd\u00e9k: Ez az asztali dekor\u00e1ci\u00f3 csod\u00e1latos aj\u00e1nd\u00e9k lehet bar\u00e1toknak, csal\u00e1dtagoknak vagy saj\u00e1t magadnak. T\u00f6k\u00e9letes b\u00e1rmilyen alkalomra, legyen az sz\u00fclet\u00e9snap, esk\u00fcv\u0151, kar\u00e1csony vagy csak \u00fagy.<\/li>\n<\/ul>","protected":false},"excerpt":{"rendered":"<p data-sourcepos=\"42:1-42:30\">Egyedi, k\u00e9zzel k\u00e9sz\u00edtett, vir\u00e1gokkal teli asztali dekor\u00e1ci\u00f3.<\/p>\n<p data-sourcepos=\"42:1-42:30\">Tov\u00e1bbi inform\u00e1ci\u00f3k:<\/p>\n<ul data-sourcepos=\"44:1-47:0\">\n<li data-sourcepos=\"44:1-44:55\">Anyag: selyemvir\u00e1g, szalag<\/li>\n<li data-sourcepos=\"45:1-45:41\">M\u00e9retek: \u00e1tm\u00e9r\u0151 17 cm, magass\u00e1g 19 cm<\/li>\n<li data-sourcepos=\"46:1-47:0\">\u00c1pol\u00e1si utas\u00edt\u00e1sok: T\u00e1vol\u00edtsa el a port puha ruh\u00e1val.<\/li>\n<\/ul>\n<p data-sourcepos=\"48:1-48:127\">Tipp: Kombin\u00e1lja az asztali dekor\u00e1ci\u00f3t m\u00e1s, azonos st\u00edlus\u00fa d\u00edszt\u00e1rgyakkal, hogy harmonikus \u00f6sszk\u00e9pet alkosson.<\/p>\n<p> <a class=\"continue\" href=\"https:\/\/bbdekorandmore.at\/hu\/produkt\/tischdeko-voll-mit-blumen\/\">Continue Reading<span> Vir\u00e1gokkal teli asztali dekor\u00e1ci\u00f3<\/span><\/a><\/p>","protected":false},"featured_media":3688,"comment_status":"open","ping_status":"closed","template":"","meta":{"site-sidebar-layout":"default","site-content-layout":"","ast-site-content-layout":"default","site-content-style":"default","site-sidebar-style":"default","ast-global-header-display":"","ast-banner-title-visibility":"","ast-main-header-display":"","ast-hfb-above-header-display":"","ast-hfb-below-header-display":"","ast-hfb-mobile-header-display":"","site-post-title":"","ast-breadcrumbs-content":"","ast-featured-img":"","footer-sml-layout":"","ast-disable-related-posts":"","theme-transparent-header-meta":"default","adv-header-id-meta":"","stick-header-meta":"","header-above-stick-meta":"","header-main-stick-meta":"","header-below-stick-meta":"","astra-migrate-meta-layouts":"set","ast-page-background-enabled":"default","ast-page-background-meta":{"desktop":{"background-color":"var(--ast-global-color-4)","background-image":"","background-repeat":"repeat","background-position":"center center","background-size":"auto","background-attachment":"scroll","background-type":"","background-media":"","overlay-type":"","overlay-color":"","overlay-opacity":"","overlay-gradient":""},"tablet":{"background-color":"","background-image":"","background-repeat":"repeat","background-position":"center center","background-size":"auto","background-attachment":"scroll","background-type":"","background-media":"","overlay-type":"","overlay-color":"","overlay-opacity":"","overlay-gradient":""},"mobile":{"background-color":"","background-image":"","background-repeat":"repeat","background-position":"center center","background-size":"auto","background-attachment":"scroll","background-type":"","background-media":"","overlay-type":"","overlay-color":"","overlay-opacity":"","overlay-gradient":""}},"ast-content-background-meta":{"desktop":{"background-color":"var(--ast-global-color-5)","background-image":"","background-repeat":"repeat","background-position":"center center","background-size":"auto","background-attachment":"scroll","background-type":"","background-media":"","overlay-type":"","overlay-color":"","overlay-opacity":"","overlay-gradient":""},"tablet":{"background-color":"var(--ast-global-color-5)","background-image":"","background-repeat":"repeat","background-position":"center center","background-size":"auto","background-attachment":"scroll","background-type":"","background-media":"","overlay-type":"","overlay-color":"","overlay-opacity":"","overlay-gradient":""},"mobile":{"background-color":"var(--ast-global-color-5)","background-image":"","background-repeat":"repeat","background-position":"center center","background-size":"auto","background-attachment":"scroll","background-type":"","background-media":"","overlay-type":"","overlay-color":"","overlay-opacity":"","overlay-gradient":""}}},"product_brand":[],"product_cat":[21,466],"product_tag":[119,212,202,80,47,40,46],"class_list":{"0":"post-3685","1":"product","2":"type-product","3":"status-publish","4":"has-post-thumbnail","6":"product_cat-fruehling","7":"product_cat-tischdekoration","8":"product_tag-deko","9":"product_tag-einzigartige-geschenkideen","10":"product_tag-einzigartige-muttertagsgeschenk","11":"product_tag-fruehlingsdeko","12":"product_tag-seidenblumen","13":"product_tag-tischdeko","14":"product_tag-tischdeko-mit-seidenblumen","15":"tm-no-options","16":"desktop-align-left","17":"tablet-align-left","18":"mobile-align-left","20":"first","21":"outofstock","22":"shipping-taxable","23":"purchasable","24":"product-type-simple"},"_links":{"self":[{"href":"https:\/\/bbdekorandmore.at\/hu\/wp-json\/wp\/v2\/product\/3685","targetHints":{"allow":["GET"]}}],"collection":[{"href":"https:\/\/bbdekorandmore.at\/hu\/wp-json\/wp\/v2\/product"}],"about":[{"href":"https:\/\/bbdekorandmore.at\/hu\/wp-json\/wp\/v2\/types\/product"}],"replies":[{"embeddable":true,"href":"https:\/\/bbdekorandmore.at\/hu\/wp-json\/wp\/v2\/comments?post=3685"}],"wp:featuredmedia":[{"embeddable":true,"href":"https:\/\/bbdekorandmore.at\/hu\/wp-json\/wp\/v2\/media\/3688"}],"wp:attachment":[{"href":"https:\/\/bbdekorandmore.at\/hu\/wp-json\/wp\/v2\/media?parent=3685"}],"wp:term":[{"taxonomy":"product_brand","embeddable":true,"href":"https:\/\/bbdekorandmore.at\/hu\/wp-json\/wp\/v2\/product_brand?post=3685"},{"taxonomy":"product_cat","embeddable":true,"href":"https:\/\/bbdekorandmore.at\/hu\/wp-json\/wp\/v2\/product_cat?post=3685"},{"taxonomy":"product_tag","embeddable":true,"href":"https:\/\/bbdekorandmore.at\/hu\/wp-json\/wp\/v2\/product_tag?post=3685"}],"curies":[{"name":"wp","href":"https:\/\/api.w.org\/{rel}","templated":true}]}}