{"id":3862,"date":"2024-11-21T04:39:38","date_gmt":"2024-11-21T04:39:38","guid":{"rendered":"https:\/\/bbdekorandmore.at\/?post_type=product&#038;p=3862"},"modified":"2024-11-23T16:53:32","modified_gmt":"2024-11-23T16:53:32","slug":"adventskranz-mit-zug","status":"publish","type":"product","link":"https:\/\/bbdekorandmore.at\/hu\/produkt\/adventskranz-mit-zug\/","title":{"rendered":"Adventskranz mit Zug"},"content":{"rendered":"<p>Dieser Adventskranz in Rot und Gr\u00fcn ist die perfekte Wahl f\u00fcr alle, die die traditionelle Weihnachtsstimmung lieben. Mit seinem zeitlosen Design und liebevollen Details bringt er W\u00e4rme und Freude in die Adventszeit.<\/p>\n<h3>Ein Fest f\u00fcr die Augen<\/h3>\n<p>Die vier kr\u00e4ftig roten Kerzen werden von dekorativen B\u00e4ndern im schottischen Karomuster umrahmt und sorgen f\u00fcr eine warme, gem\u00fctliche Atmosph\u00e4re. Die verschneiten Tannenb\u00e4umchen und der weiche Schnee-Effekt verleihen dem Kranz einen winterlichen Zauber, der sofort an eine verschneite Weihnachtslandschaft erinnert.<\/p>\n<h3>Einzigartige Details<\/h3>\n<p>Der kleine Zug mit seinen Figuren \u2013 darunter ein niedlicher B\u00e4r, Schneem\u00e4nner und weihnachtliche Geschenke \u2013 erz\u00e4hlt eine eigene kleine Weihnachtsgeschichte. Die gr\u00fcnen und roten Kugeln sowie die nat\u00fcrlichen Deko-Elemente wie Zapfen und Anissterne runden das Design ab.<\/p>\n<h3>Warum dieser Adventskranz?<\/h3>\n<p>Dieser handgefertigte Adventskranz vereint die traditionellen Weihnachtsfarben mit verspielten Details und modernem Charme. Egal ob als Highlight auf dem Esstisch oder als Geschenk \u2013 er schafft eine festliche Stimmung, die Gro\u00df und Klein begeistert.<\/p>","protected":false},"excerpt":{"rendered":"<ul>\n<li>Klassischer Adventskranz in Rot und Gr\u00fcn \u2013 ein echter Weihnachtsklassiker<\/li>\n<li>Mit vier roten Kerzen, verschneiten B\u00e4umen und charmantem Mini-Zug<\/li>\n<li>Handgefertigt mit weicher Schneeoptik und liebevollen Details<\/li>\n<li>Perfekt f\u00fcr eine festliche, gem\u00fctliche Weihnachtsatmosph\u00e4re<\/li>\n<li>ca 27 cm<\/li>\n<li>Die Kerzen k\u00f6nnen einfach getauscht werden<\/li>\n<\/ul>\n<p> <a class=\"continue\" href=\"https:\/\/bbdekorandmore.at\/hu\/produkt\/adventskranz-mit-zug\/\">Continue Reading<span> Adventskranz mit Zug<\/span><\/a><\/p>","protected":false},"featured_media":3865,"comment_status":"open","ping_status":"closed","template":"","meta":{"site-sidebar-layout":"default","site-content-layout":"","ast-site-content-layout":"default","site-content-style":"default","site-sidebar-style":"default","ast-global-header-display":"","ast-banner-title-visibility":"","ast-main-header-display":"","ast-hfb-above-header-display":"","ast-hfb-below-header-display":"","ast-hfb-mobile-header-display":"","site-post-title":"","ast-breadcrumbs-content":"","ast-featured-img":"","footer-sml-layout":"","ast-disable-related-posts":"","theme-transparent-header-meta":"default","adv-header-id-meta":"","stick-header-meta":"","header-above-stick-meta":"","header-main-stick-meta":"","header-below-stick-meta":"","astra-migrate-meta-layouts":"set","ast-page-background-enabled":"default","ast-page-background-meta":{"desktop":{"background-color":"var(--ast-global-color-4)","background-image":"","background-repeat":"repeat","background-position":"center center","background-size":"auto","background-attachment":"scroll","background-type":"","background-media":"","overlay-type":"","overlay-color":"","overlay-opacity":"","overlay-gradient":""},"tablet":{"background-color":"","background-image":"","background-repeat":"repeat","background-position":"center center","background-size":"auto","background-attachment":"scroll","background-type":"","background-media":"","overlay-type":"","overlay-color":"","overlay-opacity":"","overlay-gradient":""},"mobile":{"background-color":"","background-image":"","background-repeat":"repeat","background-position":"center center","background-size":"auto","background-attachment":"scroll","background-type":"","background-media":"","overlay-type":"","overlay-color":"","overlay-opacity":"","overlay-gradient":""}},"ast-content-background-meta":{"desktop":{"background-color":"var(--ast-global-color-5)","background-image":"","background-repeat":"repeat","background-position":"center center","background-size":"auto","background-attachment":"scroll","background-type":"","background-media":"","overlay-type":"","overlay-color":"","overlay-opacity":"","overlay-gradient":""},"tablet":{"background-color":"var(--ast-global-color-5)","background-image":"","background-repeat":"repeat","background-position":"center center","background-size":"auto","background-attachment":"scroll","background-type":"","background-media":"","overlay-type":"","overlay-color":"","overlay-opacity":"","overlay-gradient":""},"mobile":{"background-color":"var(--ast-global-color-5)","background-image":"","background-repeat":"repeat","background-position":"center center","background-size":"auto","background-attachment":"scroll","background-type":"","background-media":"","overlay-type":"","overlay-color":"","overlay-opacity":"","overlay-gradient":""}}},"product_brand":[],"product_cat":[26,483],"product_tag":[],"class_list":{"0":"post-3862","1":"product","2":"type-product","3":"status-publish","4":"has-post-thumbnail","6":"product_cat-winter","7":"product_cat-adventskranze","8":"tm-no-options","9":"desktop-align-left","10":"tablet-align-left","11":"mobile-align-left","13":"first","14":"outofstock","15":"shipping-taxable","16":"purchasable","17":"product-type-simple"},"_links":{"self":[{"href":"https:\/\/bbdekorandmore.at\/hu\/wp-json\/wp\/v2\/product\/3862","targetHints":{"allow":["GET"]}}],"collection":[{"href":"https:\/\/bbdekorandmore.at\/hu\/wp-json\/wp\/v2\/product"}],"about":[{"href":"https:\/\/bbdekorandmore.at\/hu\/wp-json\/wp\/v2\/types\/product"}],"replies":[{"embeddable":true,"href":"https:\/\/bbdekorandmore.at\/hu\/wp-json\/wp\/v2\/comments?post=3862"}],"wp:featuredmedia":[{"embeddable":true,"href":"https:\/\/bbdekorandmore.at\/hu\/wp-json\/wp\/v2\/media\/3865"}],"wp:attachment":[{"href":"https:\/\/bbdekorandmore.at\/hu\/wp-json\/wp\/v2\/media?parent=3862"}],"wp:term":[{"taxonomy":"product_brand","embeddable":true,"href":"https:\/\/bbdekorandmore.at\/hu\/wp-json\/wp\/v2\/product_brand?post=3862"},{"taxonomy":"product_cat","embeddable":true,"href":"https:\/\/bbdekorandmore.at\/hu\/wp-json\/wp\/v2\/product_cat?post=3862"},{"taxonomy":"product_tag","embeddable":true,"href":"https:\/\/bbdekorandmore.at\/hu\/wp-json\/wp\/v2\/product_tag?post=3862"}],"curies":[{"name":"wp","href":"https:\/\/api.w.org\/{rel}","templated":true}]}}