{"id":626,"date":"2023-05-08T20:04:11","date_gmt":"2023-05-08T20:04:11","guid":{"rendered":"http:\/\/bbdekorandmore.at\/?post_type=product&#038;p=626"},"modified":"2024-02-05T22:10:21","modified_gmt":"2024-02-05T22:10:21","slug":"rettungsring-kranz","status":"publish","type":"product","link":"https:\/\/bbdekorandmore.at\/hu\/produkt\/rettungsring-kranz\/","title":{"rendered":"Ment\u0151-\u00f6v koszor\u00fa"},"content":{"rendered":"<p>Ny\u00e1rias ajt\u00f3koszor\u00fa kagyl\u00f3kb\u00f3l, sz\u00e1raz term\u00e9sekb\u0151l, zsin\u00f3rb\u00f3l, k\u00e9t fafigur\u00e1b\u00f3l (csik\u00f3halak) \u00e9s egy ker\u00e1miafigur\u00e1b\u00f3l (tekn\u0151s).<\/p>","protected":false},"excerpt":{"rendered":"<p>Ment\u0151-\u00f6v koszor\u00fa<\/p>\n<p>Ny\u00e1rias ajt\u00f3koszor\u00fa kagyl\u00f3kb\u00f3l, sz\u00e1raz term\u00e9sekb\u0151l, zsin\u00f3rb\u00f3l, k\u00e9t fafigur\u00e1b\u00f3l (csik\u00f3halak) \u00e9s egy ker\u00e1miafigur\u00e1b\u00f3l (tekn\u0151s).<\/p>\n<p><strong>\u00c1tm\u00e9r\u0151:<\/strong> 28cm <a class=\"continue\" href=\"https:\/\/bbdekorandmore.at\/hu\/produkt\/rettungsring-kranz\/\">Continue Reading<span> Ment\u0151-\u00f6v koszor\u00fa<\/span><\/a><\/p>","protected":false},"featured_media":622,"comment_status":"open","ping_status":"closed","template":"","meta":{"site-sidebar-layout":"default","site-content-layout":"default","ast-site-content-layout":"default","site-content-style":"default","site-sidebar-style":"default","ast-global-header-display":"","ast-banner-title-visibility":"","ast-main-header-display":"","ast-hfb-above-header-display":"","ast-hfb-below-header-display":"","ast-hfb-mobile-header-display":"","site-post-title":"","ast-breadcrumbs-content":"","ast-featured-img":"","footer-sml-layout":"","ast-disable-related-posts":"","theme-transparent-header-meta":"default","adv-header-id-meta":"","stick-header-meta":"","header-above-stick-meta":"","header-main-stick-meta":"","header-below-stick-meta":"","astra-migrate-meta-layouts":"default","ast-page-background-enabled":"default","ast-page-background-meta":{"desktop":{"background-color":"var(--ast-global-color-4)","background-image":"","background-repeat":"repeat","background-position":"center center","background-size":"auto","background-attachment":"scroll","background-type":"","background-media":"","overlay-type":"","overlay-color":"","overlay-opacity":"","overlay-gradient":""},"tablet":{"background-color":"","background-image":"","background-repeat":"repeat","background-position":"center center","background-size":"auto","background-attachment":"scroll","background-type":"","background-media":"","overlay-type":"","overlay-color":"","overlay-opacity":"","overlay-gradient":""},"mobile":{"background-color":"","background-image":"","background-repeat":"repeat","background-position":"center center","background-size":"auto","background-attachment":"scroll","background-type":"","background-media":"","overlay-type":"","overlay-color":"","overlay-opacity":"","overlay-gradient":""}},"ast-content-background-meta":{"desktop":{"background-color":"var(--ast-global-color-5)","background-image":"","background-repeat":"repeat","background-position":"center center","background-size":"auto","background-attachment":"scroll","background-type":"","background-media":"","overlay-type":"","overlay-color":"","overlay-opacity":"","overlay-gradient":""},"tablet":{"background-color":"var(--ast-global-color-5)","background-image":"","background-repeat":"repeat","background-position":"center center","background-size":"auto","background-attachment":"scroll","background-type":"","background-media":"","overlay-type":"","overlay-color":"","overlay-opacity":"","overlay-gradient":""},"mobile":{"background-color":"var(--ast-global-color-5)","background-image":"","background-repeat":"repeat","background-position":"center center","background-size":"auto","background-attachment":"scroll","background-type":"","background-media":"","overlay-type":"","overlay-color":"","overlay-opacity":"","overlay-gradient":""}}},"product_brand":[],"product_cat":[24,473],"product_tag":[128,134,135,136,137],"class_list":{"0":"post-626","1":"product","2":"type-product","3":"status-publish","4":"has-post-thumbnail","6":"product_cat-sommer","7":"product_cat-turkranze-sommer","8":"product_tag-kranz","9":"product_tag-rettungsring-kranz","10":"product_tag-sommerkranz","11":"product_tag-tuerkranz","12":"product_tag-tuerkranz-mit-figuren","13":"tm-no-options","14":"desktop-align-left","15":"tablet-align-left","16":"mobile-align-left","18":"first","19":"outofstock","20":"shipping-taxable","21":"purchasable","22":"product-type-simple"},"_links":{"self":[{"href":"https:\/\/bbdekorandmore.at\/hu\/wp-json\/wp\/v2\/product\/626","targetHints":{"allow":["GET"]}}],"collection":[{"href":"https:\/\/bbdekorandmore.at\/hu\/wp-json\/wp\/v2\/product"}],"about":[{"href":"https:\/\/bbdekorandmore.at\/hu\/wp-json\/wp\/v2\/types\/product"}],"replies":[{"embeddable":true,"href":"https:\/\/bbdekorandmore.at\/hu\/wp-json\/wp\/v2\/comments?post=626"}],"wp:featuredmedia":[{"embeddable":true,"href":"https:\/\/bbdekorandmore.at\/hu\/wp-json\/wp\/v2\/media\/622"}],"wp:attachment":[{"href":"https:\/\/bbdekorandmore.at\/hu\/wp-json\/wp\/v2\/media?parent=626"}],"wp:term":[{"taxonomy":"product_brand","embeddable":true,"href":"https:\/\/bbdekorandmore.at\/hu\/wp-json\/wp\/v2\/product_brand?post=626"},{"taxonomy":"product_cat","embeddable":true,"href":"https:\/\/bbdekorandmore.at\/hu\/wp-json\/wp\/v2\/product_cat?post=626"},{"taxonomy":"product_tag","embeddable":true,"href":"https:\/\/bbdekorandmore.at\/hu\/wp-json\/wp\/v2\/product_tag?post=626"}],"curies":[{"name":"wp","href":"https:\/\/api.w.org\/{rel}","templated":true}]}}