{"id":768,"date":"2023-05-09T19:53:20","date_gmt":"2023-05-09T19:53:20","guid":{"rendered":"http:\/\/bbdekorandmore.at\/?post_type=product&#038;p=768"},"modified":"2024-09-23T09:36:29","modified_gmt":"2024-09-23T09:36:29","slug":"kuerbis-set","status":"publish","type":"product","link":"https:\/\/bbdekorandmore.at\/hu\/produkt\/kuerbis-set\/","title":{"rendered":"T\u00f6k szett"},"content":{"rendered":"","protected":false},"excerpt":{"rendered":"<p>T\u00f6k k\u00e9szlet a k\u00e9k \u00e1rnyalataiban<\/p>\n<p>Nagyon hangulatos k\u00e9szlet. A d\u00edsz\u00edtett t\u00f6k\u00f6t h\u00e1zi alapon k\u00e9sz\u00edtettem el k\u00e9t egym\u00e1shoz ill\u0151 t\u00f6kkel. A d\u00edsz\u00edtett t\u00f6k 22 cm-es <strong>\u00e1tm\u00e9r\u0151j\u0171<\/strong> \u00e9s 21 cm <strong>magas.<\/strong>Az egyik s\u00fct\u0151t\u00f6k\u00f6cske 9 cm, a m\u00e1sik 10 cm \u00e1tm\u00e9r\u0151j\u0171. Nem id\u0151j\u00e1r\u00e1s\u00e1ll\u00f3! <a class=\"continue\" href=\"https:\/\/bbdekorandmore.at\/hu\/produkt\/kuerbis-set\/\">Continue Reading<span> T\u00f6k szett<\/span><\/a><\/p>","protected":false},"featured_media":761,"comment_status":"open","ping_status":"closed","template":"","meta":{"site-sidebar-layout":"default","site-content-layout":"default","ast-site-content-layout":"default","site-content-style":"default","site-sidebar-style":"default","ast-global-header-display":"","ast-banner-title-visibility":"","ast-main-header-display":"","ast-hfb-above-header-display":"","ast-hfb-below-header-display":"","ast-hfb-mobile-header-display":"","site-post-title":"","ast-breadcrumbs-content":"","ast-featured-img":"","footer-sml-layout":"","ast-disable-related-posts":"","theme-transparent-header-meta":"default","adv-header-id-meta":"","stick-header-meta":"","header-above-stick-meta":"","header-main-stick-meta":"","header-below-stick-meta":"","astra-migrate-meta-layouts":"set","ast-page-background-enabled":"default","ast-page-background-meta":{"desktop":{"background-color":"var(--ast-global-color-4)","background-image":"","background-repeat":"repeat","background-position":"center center","background-size":"auto","background-attachment":"scroll","background-type":"","background-media":"","overlay-type":"","overlay-color":"","overlay-opacity":"","overlay-gradient":""},"tablet":{"background-color":"","background-image":"","background-repeat":"repeat","background-position":"center center","background-size":"auto","background-attachment":"scroll","background-type":"","background-media":"","overlay-type":"","overlay-color":"","overlay-opacity":"","overlay-gradient":""},"mobile":{"background-color":"","background-image":"","background-repeat":"repeat","background-position":"center center","background-size":"auto","background-attachment":"scroll","background-type":"","background-media":"","overlay-type":"","overlay-color":"","overlay-opacity":"","overlay-gradient":""}},"ast-content-background-meta":{"desktop":{"background-color":"var(--ast-global-color-5)","background-image":"","background-repeat":"repeat","background-position":"center center","background-size":"auto","background-attachment":"scroll","background-type":"","background-media":"","overlay-type":"","overlay-color":"","overlay-opacity":"","overlay-gradient":""},"tablet":{"background-color":"var(--ast-global-color-5)","background-image":"","background-repeat":"repeat","background-position":"center center","background-size":"auto","background-attachment":"scroll","background-type":"","background-media":"","overlay-type":"","overlay-color":"","overlay-opacity":"","overlay-gradient":""},"mobile":{"background-color":"var(--ast-global-color-5)","background-image":"","background-repeat":"repeat","background-position":"center center","background-size":"auto","background-attachment":"scroll","background-type":"","background-media":"","overlay-type":"","overlay-color":"","overlay-opacity":"","overlay-gradient":""}}},"product_brand":[],"product_cat":[25,479],"product_tag":[172,173,164,165,175,174,40,46],"class_list":{"0":"post-768","1":"product","2":"type-product","3":"status-publish","4":"has-post-thumbnail","6":"product_cat-herbst","7":"product_cat-tischdekoration-herbst","8":"product_tag-geschmueckter-kuerbis","9":"product_tag-halloween-dekoration","10":"product_tag-herbst-dekoartikel","11":"product_tag-herbst-dekoprodukte","12":"product_tag-herbstliche-tischdeko","13":"product_tag-kuerbis-set","14":"product_tag-tischdeko","15":"product_tag-tischdeko-mit-seidenblumen","16":"tm-no-options","17":"desktop-align-left","18":"tablet-align-left","19":"mobile-align-left","21":"first","22":"outofstock","23":"shipping-taxable","24":"purchasable","25":"product-type-simple"},"_links":{"self":[{"href":"https:\/\/bbdekorandmore.at\/hu\/wp-json\/wp\/v2\/product\/768","targetHints":{"allow":["GET"]}}],"collection":[{"href":"https:\/\/bbdekorandmore.at\/hu\/wp-json\/wp\/v2\/product"}],"about":[{"href":"https:\/\/bbdekorandmore.at\/hu\/wp-json\/wp\/v2\/types\/product"}],"replies":[{"embeddable":true,"href":"https:\/\/bbdekorandmore.at\/hu\/wp-json\/wp\/v2\/comments?post=768"}],"wp:featuredmedia":[{"embeddable":true,"href":"https:\/\/bbdekorandmore.at\/hu\/wp-json\/wp\/v2\/media\/761"}],"wp:attachment":[{"href":"https:\/\/bbdekorandmore.at\/hu\/wp-json\/wp\/v2\/media?parent=768"}],"wp:term":[{"taxonomy":"product_brand","embeddable":true,"href":"https:\/\/bbdekorandmore.at\/hu\/wp-json\/wp\/v2\/product_brand?post=768"},{"taxonomy":"product_cat","embeddable":true,"href":"https:\/\/bbdekorandmore.at\/hu\/wp-json\/wp\/v2\/product_cat?post=768"},{"taxonomy":"product_tag","embeddable":true,"href":"https:\/\/bbdekorandmore.at\/hu\/wp-json\/wp\/v2\/product_tag?post=768"}],"curies":[{"name":"wp","href":"https:\/\/api.w.org\/{rel}","templated":true}]}}