{"id":773,"date":"2023-05-10T19:31:08","date_gmt":"2023-05-10T19:31:08","guid":{"rendered":"http:\/\/bbdekorandmore.at\/?post_type=product&#038;p=773"},"modified":"2025-09-02T17:13:05","modified_gmt":"2025-09-02T17:13:05","slug":"haeuschen","status":"publish","type":"product","link":"https:\/\/bbdekorandmore.at\/hu\/produkt\/haeuschen\/","title":{"rendered":"H\u00e1zik\u00f3"},"content":{"rendered":"","protected":false},"excerpt":{"rendered":"<p>\"Kis h\u00e1z\" asztali vagy fali dekor\u00e1ci\u00f3<\/p>\n<p>\u0150szi kis h\u00e1zik\u00f3 f\u00e1b\u00f3l, amely falid\u00edszk\u00e9nt vagy asztali dekor\u00e1ci\u00f3k\u00e9nt is haszn\u00e1lhat\u00f3. M\u0171 z\u00f6lddel, gipsz term\u00e9sekkel \u00e9s m\u0171t\u00f6kkel. K\u00e9zzel \u00edrt \u00edr\u00e1s van rajta.<\/p>\n<p><strong>M\u00e9retek nagy: <\/strong>25x21x8 cm<\/p>\n<p><strong>M\u00e9retek kicsi:<\/strong> 20x18x8 cm <a class=\"continue\" href=\"https:\/\/bbdekorandmore.at\/hu\/produkt\/haeuschen\/\">Continue Reading<span> H\u00e1zik\u00f3<\/span><\/a><\/p>","protected":false},"featured_media":790,"comment_status":"open","ping_status":"closed","template":"","meta":{"site-sidebar-layout":"default","site-content-layout":"default","ast-site-content-layout":"default","site-content-style":"default","site-sidebar-style":"default","ast-global-header-display":"","ast-banner-title-visibility":"","ast-main-header-display":"","ast-hfb-above-header-display":"","ast-hfb-below-header-display":"","ast-hfb-mobile-header-display":"","site-post-title":"","ast-breadcrumbs-content":"","ast-featured-img":"","footer-sml-layout":"","ast-disable-related-posts":"","theme-transparent-header-meta":"default","adv-header-id-meta":"","stick-header-meta":"","header-above-stick-meta":"","header-main-stick-meta":"","header-below-stick-meta":"","astra-migrate-meta-layouts":"set","ast-page-background-enabled":"default","ast-page-background-meta":{"desktop":{"background-color":"var(--ast-global-color-4)","background-image":"","background-repeat":"repeat","background-position":"center center","background-size":"auto","background-attachment":"scroll","background-type":"","background-media":"","overlay-type":"","overlay-color":"","overlay-opacity":"","overlay-gradient":""},"tablet":{"background-color":"","background-image":"","background-repeat":"repeat","background-position":"center center","background-size":"auto","background-attachment":"scroll","background-type":"","background-media":"","overlay-type":"","overlay-color":"","overlay-opacity":"","overlay-gradient":""},"mobile":{"background-color":"","background-image":"","background-repeat":"repeat","background-position":"center center","background-size":"auto","background-attachment":"scroll","background-type":"","background-media":"","overlay-type":"","overlay-color":"","overlay-opacity":"","overlay-gradient":""}},"ast-content-background-meta":{"desktop":{"background-color":"var(--ast-global-color-5)","background-image":"","background-repeat":"repeat","background-position":"center center","background-size":"auto","background-attachment":"scroll","background-type":"","background-media":"","overlay-type":"","overlay-color":"","overlay-opacity":"","overlay-gradient":""},"tablet":{"background-color":"var(--ast-global-color-5)","background-image":"","background-repeat":"repeat","background-position":"center center","background-size":"auto","background-attachment":"scroll","background-type":"","background-media":"","overlay-type":"","overlay-color":"","overlay-opacity":"","overlay-gradient":""},"mobile":{"background-color":"var(--ast-global-color-5)","background-image":"","background-repeat":"repeat","background-position":"center center","background-size":"auto","background-attachment":"scroll","background-type":"","background-media":"","overlay-type":"","overlay-color":"","overlay-opacity":"","overlay-gradient":""}}},"product_brand":[],"product_cat":[25,479],"product_tag":[176,164,165,163,175,178,177],"class_list":{"0":"post-773","1":"product","2":"type-product","3":"status-publish","4":"has-post-thumbnail","6":"product_cat-herbst","7":"product_cat-tischdekoration-herbst","8":"product_tag-haeuschen","9":"product_tag-herbst-dekoartikel","10":"product_tag-herbst-dekoprodukte","11":"product_tag-herbstdekoration","12":"product_tag-herbstliche-tischdeko","13":"product_tag-herbstliche-wandeko","14":"product_tag-wanddeko","15":"tm-no-options","16":"desktop-align-left","17":"tablet-align-left","18":"mobile-align-left","20":"first","21":"outofstock","22":"shipping-taxable","23":"purchasable","24":"product-type-variable"},"_links":{"self":[{"href":"https:\/\/bbdekorandmore.at\/hu\/wp-json\/wp\/v2\/product\/773","targetHints":{"allow":["GET"]}}],"collection":[{"href":"https:\/\/bbdekorandmore.at\/hu\/wp-json\/wp\/v2\/product"}],"about":[{"href":"https:\/\/bbdekorandmore.at\/hu\/wp-json\/wp\/v2\/types\/product"}],"replies":[{"embeddable":true,"href":"https:\/\/bbdekorandmore.at\/hu\/wp-json\/wp\/v2\/comments?post=773"}],"wp:featuredmedia":[{"embeddable":true,"href":"https:\/\/bbdekorandmore.at\/hu\/wp-json\/wp\/v2\/media\/790"}],"wp:attachment":[{"href":"https:\/\/bbdekorandmore.at\/hu\/wp-json\/wp\/v2\/media?parent=773"}],"wp:term":[{"taxonomy":"product_brand","embeddable":true,"href":"https:\/\/bbdekorandmore.at\/hu\/wp-json\/wp\/v2\/product_brand?post=773"},{"taxonomy":"product_cat","embeddable":true,"href":"https:\/\/bbdekorandmore.at\/hu\/wp-json\/wp\/v2\/product_cat?post=773"},{"taxonomy":"product_tag","embeddable":true,"href":"https:\/\/bbdekorandmore.at\/hu\/wp-json\/wp\/v2\/product_tag?post=773"}],"curies":[{"name":"wp","href":"https:\/\/api.w.org\/{rel}","templated":true}]}}