{"id":875,"date":"2023-05-23T08:31:29","date_gmt":"2023-05-23T08:31:29","guid":{"rendered":"http:\/\/bbdekorandmore.at\/?post_type=product&#038;p=875"},"modified":"2025-09-08T17:26:32","modified_gmt":"2025-09-08T17:26:32","slug":"deko-globus","status":"publish","type":"product","link":"https:\/\/bbdekorandmore.at\/hu\/produkt\/deko-globus\/","title":{"rendered":"Deko F\u00f6ldg\u00f6mb"},"content":{"rendered":"<p data-sourcepos=\"3:1-3:24\">Term\u00e9kle\u00edr\u00e1s:<\/p>\n<p data-sourcepos=\"5:1-5:337\">Var\u00e1zsoljon otthon\u00e1ba egy kis kalandot \u00e9s utaz\u00e1si v\u00e1gyat a Clayre &amp; Eef m\u00e1rka var\u00e1zslatos \" dekor\u00e1ci\u00f3s f\u00f6ldg\u00f6mbj\u00e9vel \". Inspir\u00e1l\u00f3djon a h\u00e1rom m\u0171v\u00e9szien megtervezett, b\u00e9zs, fekete \u00e9s barna sz\u00edn\u0171, vasb\u00f3l \u00e9s f\u00e1b\u00f3l k\u00e9sz\u00fclt f\u00f6ldg\u00f6mb, amelyek egyedi jelleget k\u00f6lcs\u00f6n\u00f6znek otthon\u00e1nak.<\/p>\n<p data-sourcepos=\"23:1-23:23\">K\u00fcl\u00f6nleges jellemz\u0151k:<\/p>\n<ul data-sourcepos=\"25:1-30:0\">\n<li data-sourcepos=\"25:1-25:178\">Autentikus design: A b\u00e9zs, fekete \u00e9s barna sz\u00edn\u0171, antikolt kivitel\u0171 \u00e9s r\u00e9szletes t\u00e9rk\u00e9prajzzal ell\u00e1tott f\u00f6ldg\u00f6mb\u00f6k egy kis kalandot \u00e9s nosztalgi\u00e1t sug\u00e1roznak.<\/li>\n<li data-sourcepos=\"26:1-26:123\">Kiv\u00e1l\u00f3 min\u0151s\u00e9g\u0171 anyagok: A vas \u00e9s a fa haszn\u00e1lata biztos\u00edtja a g\u00f6mb\u00f6k robusztus \u00e9s tart\u00f3s min\u0151s\u00e9g\u00e9t.<\/li>\n<li data-sourcepos=\"27:1-27:170\">Kedves r\u00e9szletek: A f\u00f6ldg\u00f6mb\u00f6k r\u00e9szletes kialak\u00edt\u00e1sa, a kartogr\u00e1fia \u00e9s az antikolt kivitel a Clayre &amp; Eef term\u00e9kek magas min\u0151s\u00e9g\u00e9r\u0151l tan\u00faskodik.<\/li>\n<li data-sourcepos=\"28:1-28:86\">Egyedi: Minden f\u00f6ldg\u00f6mb k\u00e9zzel k\u00e9sz\u00edtett egyedi darab, egyedi jellemz\u0151kkel.<\/li>\n<li data-sourcepos=\"29:1-30:0\">Ide\u00e1lis lak\u00f3terekbe: A g\u00f6mb\u00f6k ide\u00e1lisak nappalik, t\u00e9likertek \u00e9s el\u0151szob\u00e1k d\u00edsz\u00edt\u00e9s\u00e9re.<\/li>\n<\/ul>\n<p data-sourcepos=\"31:1-31:25\">Lehets\u00e9ges felhaszn\u00e1l\u00e1si ter\u00fcletek:<\/p>\n<ul data-sourcepos=\"33:1-36:0\">\n<li data-sourcepos=\"33:1-33:100\">Dekor\u00e1ci\u00f3: A g\u00f6mb\u00f6k ide\u00e1lisak nappalik, t\u00e9likertek \u00e9s el\u0151szob\u00e1k d\u00edsz\u00edt\u00e9s\u00e9re.<\/li>\n<li data-sourcepos=\"34:1-34:89\">Aj\u00e1nd\u00e9k: T\u00f6k\u00e9letes aj\u00e1nd\u00e9k bar\u00e1toknak, csal\u00e1dtagoknak \u00e9s Clayre &amp; Eef rajong\u00f3knak.<\/li>\n<li data-sourcepos=\"35:1-36:0\">Gy\u0171jt\u0151i darab: A g\u00f6mb\u00f6k nagyszer\u0171 gy\u0171jt\u0151i darabok a k\u00fcl\u00f6nleges d\u00edsz\u00edt\u0151elemek kedvel\u0151inek.<\/li>\n<\/ul>\n<p data-sourcepos=\"37:1-37:13\">Megjegyz\u00e9sek:<\/p>\n<ul data-sourcepos=\"39:1-41:0\">\n<li data-sourcepos=\"39:1-39:59\">A g\u00f6mb\u00f6k nem alkalmasak 3 \u00e9v alatti gyermekek sz\u00e1m\u00e1ra.<\/li>\n<li data-sourcepos=\"40:1-41:0\">Dekor\u00e1ci\u00f3s t\u00e1rgyak - nem j\u00e1t\u00e9kok.<\/li>\n<\/ul>","protected":false},"excerpt":{"rendered":"<p>Vigyen egy kis kalandot otthon\u00e1ba a Clayre &amp; Eef \" dekor\u00e1ci\u00f3s f\u00f6ldg\u00f6mb\u00f6kkel\".<\/p>\n<p data-sourcepos=\"7:1-7:21\">Tov\u00e1bbi inform\u00e1ci\u00f3k:<\/p>\n<ul data-sourcepos=\"9:1-22:0\">\n<li data-sourcepos=\"9:1-9:29\">M\u00e1rka: Clayre &amp;Eef<\/li>\n<li data-sourcepos=\"10:1-12:18\">Anyag:\n<ul data-sourcepos=\"11:5-12:18\">\n<li data-sourcepos=\"11:5-11:39\">Beige und Schwarz: Eisen und Holz (22 x 22 x 33 cm)<\/li>\n<li data-sourcepos=\"12:5-12:18\">Braun: Eisen (22 x 22 x 30 cm)<\/li>\n<\/ul>\n<\/li>\n<li data-sourcepos=\"17:1-20:11\">V\u00e1ltozatok:\n<ul data-sourcepos=\"18:5-20:11\">\n<li data-sourcepos=\"18:5-18:11\">B\u00e9zs<\/li>\n<li data-sourcepos=\"19:5-19:13\">Fekete<\/li>\n<li data-sourcepos=\"20:5-20:11\">Barna<\/li>\n<\/ul>\n<\/li>\n<li data-sourcepos=\"21:1-22:0\">A csomag tartalma: 1x dekor\u00e1ci\u00f3s f\u00f6ldg\u00f6mb (a kiv\u00e1lasztott sz\u00ednben)<\/li>\n<\/ul>\n<p> <a class=\"continue\" href=\"https:\/\/bbdekorandmore.at\/hu\/produkt\/deko-globus\/\">Continue Reading<span> Deko F\u00f6ldg\u00f6mb<\/span><\/a><\/p>","protected":false},"featured_media":1566,"comment_status":"open","ping_status":"closed","template":"","meta":{"site-sidebar-layout":"default","site-content-layout":"default","ast-site-content-layout":"default","site-content-style":"default","site-sidebar-style":"default","ast-global-header-display":"","ast-banner-title-visibility":"","ast-main-header-display":"","ast-hfb-above-header-display":"","ast-hfb-below-header-display":"","ast-hfb-mobile-header-display":"","site-post-title":"","ast-breadcrumbs-content":"","ast-featured-img":"","footer-sml-layout":"","ast-disable-related-posts":"","theme-transparent-header-meta":"default","adv-header-id-meta":"","stick-header-meta":"","header-above-stick-meta":"","header-main-stick-meta":"","header-below-stick-meta":"","astra-migrate-meta-layouts":"set","ast-page-background-enabled":"default","ast-page-background-meta":{"desktop":{"background-color":"var(--ast-global-color-4)","background-image":"","background-repeat":"repeat","background-position":"center center","background-size":"auto","background-attachment":"scroll","background-type":"","background-media":"","overlay-type":"","overlay-color":"","overlay-opacity":"","overlay-gradient":""},"tablet":{"background-color":"","background-image":"","background-repeat":"repeat","background-position":"center center","background-size":"auto","background-attachment":"scroll","background-type":"","background-media":"","overlay-type":"","overlay-color":"","overlay-opacity":"","overlay-gradient":""},"mobile":{"background-color":"","background-image":"","background-repeat":"repeat","background-position":"center center","background-size":"auto","background-attachment":"scroll","background-type":"","background-media":"","overlay-type":"","overlay-color":"","overlay-opacity":"","overlay-gradient":""}},"ast-content-background-meta":{"desktop":{"background-color":"var(--ast-global-color-5)","background-image":"","background-repeat":"repeat","background-position":"center center","background-size":"auto","background-attachment":"scroll","background-type":"","background-media":"","overlay-type":"","overlay-color":"","overlay-opacity":"","overlay-gradient":""},"tablet":{"background-color":"var(--ast-global-color-5)","background-image":"","background-repeat":"repeat","background-position":"center center","background-size":"auto","background-attachment":"scroll","background-type":"","background-media":"","overlay-type":"","overlay-color":"","overlay-opacity":"","overlay-gradient":""},"mobile":{"background-color":"var(--ast-global-color-5)","background-image":"","background-repeat":"repeat","background-position":"center center","background-size":"auto","background-attachment":"scroll","background-type":"","background-media":"","overlay-type":"","overlay-color":"","overlay-opacity":"","overlay-gradient":""}}},"product_brand":[],"product_cat":[29,495],"product_tag":[581,583,585,538,191,141,569,586,582,542,179,580,587,180,584],"class_list":{"0":"post-875","1":"product","2":"type-product","3":"status-publish","4":"has-post-thumbnail","6":"product_cat-geschenkideen","7":"product_cat-wohnaccessories","8":"product_tag-abenteuer","9":"product_tag-beige","10":"product_tag-braun","11":"product_tag-clayre-eef","12":"product_tag-deko-globus","13":"product_tag-dekoartikel","14":"product_tag-dekoration","15":"product_tag-eisen","16":"product_tag-fernweh","17":"product_tag-geschenk","18":"product_tag-geschenkideen","19":"product_tag-globus","20":"product_tag-holz","21":"product_tag-personalisierte-geschenkideen","22":"product_tag-schwarz","23":"tm-no-options","24":"desktop-align-left","25":"tablet-align-left","26":"mobile-align-left","28":"first","29":"outofstock","30":"shipping-taxable","31":"purchasable","32":"product-type-variable"},"_links":{"self":[{"href":"https:\/\/bbdekorandmore.at\/hu\/wp-json\/wp\/v2\/product\/875","targetHints":{"allow":["GET"]}}],"collection":[{"href":"https:\/\/bbdekorandmore.at\/hu\/wp-json\/wp\/v2\/product"}],"about":[{"href":"https:\/\/bbdekorandmore.at\/hu\/wp-json\/wp\/v2\/types\/product"}],"replies":[{"embeddable":true,"href":"https:\/\/bbdekorandmore.at\/hu\/wp-json\/wp\/v2\/comments?post=875"}],"wp:featuredmedia":[{"embeddable":true,"href":"https:\/\/bbdekorandmore.at\/hu\/wp-json\/wp\/v2\/media\/1566"}],"wp:attachment":[{"href":"https:\/\/bbdekorandmore.at\/hu\/wp-json\/wp\/v2\/media?parent=875"}],"wp:term":[{"taxonomy":"product_brand","embeddable":true,"href":"https:\/\/bbdekorandmore.at\/hu\/wp-json\/wp\/v2\/product_brand?post=875"},{"taxonomy":"product_cat","embeddable":true,"href":"https:\/\/bbdekorandmore.at\/hu\/wp-json\/wp\/v2\/product_cat?post=875"},{"taxonomy":"product_tag","embeddable":true,"href":"https:\/\/bbdekorandmore.at\/hu\/wp-json\/wp\/v2\/product_tag?post=875"}],"curies":[{"name":"wp","href":"https:\/\/api.w.org\/{rel}","templated":true}]}}