{"id":95,"date":"2023-04-03T10:25:11","date_gmt":"2023-04-03T10:25:11","guid":{"rendered":"http:\/\/bbdekorandmore.at\/?post_type=product&#038;p=95"},"modified":"2024-05-18T07:56:12","modified_gmt":"2024-05-18T07:56:12","slug":"baby-box","status":"publish","type":"product","link":"https:\/\/bbdekorandmore.at\/hu\/produkt\/baby-box\/","title":{"rendered":"Baby-Box"},"content":{"rendered":"<p>Saj\u00e1t n\u00e9vvel ell\u00e1tott, saj\u00e1t fest\u00e9s\u0171 babadobozok, amelyekben a mama k\u00e9s\u0151bb \u00f6sszegy\u0171jtheti az eml\u00e9keket. K\u00e9t oldalra osztottam \u0151ket, az egyik oldalra ker\u00fclnek az \u00f6r\u00f6k vir\u00e1gok, a m\u00e1sik oldalra pedig az aj\u00e1nd\u00e9kok. A fedel\u00e9re r\u00e1\u00edrom a gyermek sz\u00fclet\u00e9si adatait, valamint a magass\u00e1got, s\u00falyt \u00e9s a d\u00e1tumot id\u0151vel!<\/p>","protected":false},"excerpt":{"rendered":"<p>Saj\u00e1t n\u00e9vvel ell\u00e1tott, saj\u00e1t fest\u00e9s\u0171 babadobozok, amelyekben a mama k\u00e9s\u0151bb \u00f6sszegy\u0171jtheti az eml\u00e9keket. K\u00e9t oldalra osztottam \u0151ket, az egyik oldalra ker\u00fclnek az \u00f6r\u00f6k vir\u00e1gok, a m\u00e1sik oldalra pedig az aj\u00e1nd\u00e9kok. A fedel\u00e9re r\u00e1\u00edrom a gyermek sz\u00fclet\u00e9si adatait, valamint a magass\u00e1got, s\u00falyt \u00e9s a d\u00e1tumot id\u0151vel! <a class=\"continue\" href=\"https:\/\/bbdekorandmore.at\/hu\/produkt\/baby-box\/\">Continue Reading<span> Baby-Box<\/span><\/a><\/p>","protected":false},"featured_media":144,"comment_status":"open","ping_status":"closed","template":"","meta":{"site-sidebar-layout":"default","site-content-layout":"default","ast-site-content-layout":"default","site-content-style":"default","site-sidebar-style":"default","ast-global-header-display":"","ast-banner-title-visibility":"","ast-main-header-display":"","ast-hfb-above-header-display":"","ast-hfb-below-header-display":"","ast-hfb-mobile-header-display":"","site-post-title":"","ast-breadcrumbs-content":"","ast-featured-img":"","footer-sml-layout":"","ast-disable-related-posts":"","theme-transparent-header-meta":"default","adv-header-id-meta":"","stick-header-meta":"","header-above-stick-meta":"","header-main-stick-meta":"","header-below-stick-meta":"","astra-migrate-meta-layouts":"set","ast-page-background-enabled":"default","ast-page-background-meta":{"desktop":{"background-color":"var(--ast-global-color-4)","background-image":"","background-repeat":"repeat","background-position":"center center","background-size":"auto","background-attachment":"scroll","background-type":"","background-media":"","overlay-type":"","overlay-color":"","overlay-opacity":"","overlay-gradient":""},"tablet":{"background-color":"","background-image":"","background-repeat":"repeat","background-position":"center center","background-size":"auto","background-attachment":"scroll","background-type":"","background-media":"","overlay-type":"","overlay-color":"","overlay-opacity":"","overlay-gradient":""},"mobile":{"background-color":"","background-image":"","background-repeat":"repeat","background-position":"center center","background-size":"auto","background-attachment":"scroll","background-type":"","background-media":"","overlay-type":"","overlay-color":"","overlay-opacity":"","overlay-gradient":""}},"ast-content-background-meta":{"desktop":{"background-color":"var(--ast-global-color-5)","background-image":"","background-repeat":"repeat","background-position":"center center","background-size":"auto","background-attachment":"scroll","background-type":"","background-media":"","overlay-type":"","overlay-color":"","overlay-opacity":"","overlay-gradient":""},"tablet":{"background-color":"var(--ast-global-color-5)","background-image":"","background-repeat":"repeat","background-position":"center center","background-size":"auto","background-attachment":"scroll","background-type":"","background-media":"","overlay-type":"","overlay-color":"","overlay-opacity":"","overlay-gradient":""},"mobile":{"background-color":"var(--ast-global-color-5)","background-image":"","background-repeat":"repeat","background-position":"center center","background-size":"auto","background-attachment":"scroll","background-type":"","background-media":"","overlay-type":"","overlay-color":"","overlay-opacity":"","overlay-gradient":""}}},"product_brand":[],"product_cat":[27],"product_tag":[115,116],"class_list":{"0":"post-95","1":"product","2":"type-product","3":"status-publish","4":"has-post-thumbnail","6":"product_cat-baby-box","7":"product_tag-baby-box","8":"product_tag-willkommensgeschenk","9":"tm-has-options","10":"desktop-align-left","11":"tablet-align-left","12":"mobile-align-left","14":"first","15":"instock","16":"shipping-taxable","17":"purchasable","18":"product-type-variable"},"_links":{"self":[{"href":"https:\/\/bbdekorandmore.at\/hu\/wp-json\/wp\/v2\/product\/95","targetHints":{"allow":["GET"]}}],"collection":[{"href":"https:\/\/bbdekorandmore.at\/hu\/wp-json\/wp\/v2\/product"}],"about":[{"href":"https:\/\/bbdekorandmore.at\/hu\/wp-json\/wp\/v2\/types\/product"}],"replies":[{"embeddable":true,"href":"https:\/\/bbdekorandmore.at\/hu\/wp-json\/wp\/v2\/comments?post=95"}],"wp:featuredmedia":[{"embeddable":true,"href":"https:\/\/bbdekorandmore.at\/hu\/wp-json\/wp\/v2\/media\/144"}],"wp:attachment":[{"href":"https:\/\/bbdekorandmore.at\/hu\/wp-json\/wp\/v2\/media?parent=95"}],"wp:term":[{"taxonomy":"product_brand","embeddable":true,"href":"https:\/\/bbdekorandmore.at\/hu\/wp-json\/wp\/v2\/product_brand?post=95"},{"taxonomy":"product_cat","embeddable":true,"href":"https:\/\/bbdekorandmore.at\/hu\/wp-json\/wp\/v2\/product_cat?post=95"},{"taxonomy":"product_tag","embeddable":true,"href":"https:\/\/bbdekorandmore.at\/hu\/wp-json\/wp\/v2\/product_tag?post=95"}],"curies":[{"name":"wp","href":"https:\/\/api.w.org\/{rel}","templated":true}]}}