{"id":992,"date":"2023-05-30T21:11:46","date_gmt":"2023-05-30T21:11:46","guid":{"rendered":"http:\/\/bbdekorandmore.at\/?post_type=product&#038;p=992"},"modified":"2024-02-06T11:28:27","modified_gmt":"2024-02-06T11:28:27","slug":"geschenkbox-herz","status":"publish","type":"product","link":"https:\/\/bbdekorandmore.at\/hu\/produkt\/geschenkbox-herz\/","title":{"rendered":"Sz\u00edv alak\u00fa aj\u00e1nd\u00e9kdoboz"},"content":{"rendered":"","protected":false},"excerpt":{"rendered":"<p>Sz\u00edv alak\u00fa aj\u00e1nd\u00e9kdoboz<\/p>\n<p>Saj\u00e1t k\u00e9sz\u00edt\u00e9s\u0171 doboz kartonb\u00f3l. K\u00e9t oldalra osztottam, az egyik oldalon vannak az \u00f6r\u00f6k vir\u00e1gok, a m\u00e1sik oldalra ker\u00fclnek az aj\u00e1nd\u00e9kok.<\/p>\n<p><strong>Kicsi: <\/strong>15x14x6,50cm<\/p>\n<p><strong>K\u00f6zepes: <\/strong>19,50x18x8 cm<\/p>\n<p><strong>Nagy: <\/strong>23&#215;20,50&#215;9,50 cm <a class=\"continue\" href=\"https:\/\/bbdekorandmore.at\/hu\/produkt\/geschenkbox-herz\/\">Continue Reading<span> Sz\u00edv alak\u00fa aj\u00e1nd\u00e9kdoboz<\/span><\/a><\/p>","protected":false},"featured_media":999,"comment_status":"open","ping_status":"closed","template":"","meta":{"site-sidebar-layout":"default","site-content-layout":"default","ast-site-content-layout":"default","site-content-style":"default","site-sidebar-style":"default","ast-global-header-display":"","ast-banner-title-visibility":"","ast-main-header-display":"","ast-hfb-above-header-display":"","ast-hfb-below-header-display":"","ast-hfb-mobile-header-display":"","site-post-title":"","ast-breadcrumbs-content":"","ast-featured-img":"","footer-sml-layout":"","ast-disable-related-posts":"","theme-transparent-header-meta":"default","adv-header-id-meta":"","stick-header-meta":"","header-above-stick-meta":"","header-main-stick-meta":"","header-below-stick-meta":"","astra-migrate-meta-layouts":"default","ast-page-background-enabled":"default","ast-page-background-meta":{"desktop":{"background-color":"var(--ast-global-color-4)","background-image":"","background-repeat":"repeat","background-position":"center center","background-size":"auto","background-attachment":"scroll","background-type":"","background-media":"","overlay-type":"","overlay-color":"","overlay-opacity":"","overlay-gradient":""},"tablet":{"background-color":"","background-image":"","background-repeat":"repeat","background-position":"center center","background-size":"auto","background-attachment":"scroll","background-type":"","background-media":"","overlay-type":"","overlay-color":"","overlay-opacity":"","overlay-gradient":""},"mobile":{"background-color":"","background-image":"","background-repeat":"repeat","background-position":"center center","background-size":"auto","background-attachment":"scroll","background-type":"","background-media":"","overlay-type":"","overlay-color":"","overlay-opacity":"","overlay-gradient":""}},"ast-content-background-meta":{"desktop":{"background-color":"var(--ast-global-color-5)","background-image":"","background-repeat":"repeat","background-position":"center center","background-size":"auto","background-attachment":"scroll","background-type":"","background-media":"","overlay-type":"","overlay-color":"","overlay-opacity":"","overlay-gradient":""},"tablet":{"background-color":"var(--ast-global-color-5)","background-image":"","background-repeat":"repeat","background-position":"center center","background-size":"auto","background-attachment":"scroll","background-type":"","background-media":"","overlay-type":"","overlay-color":"","overlay-opacity":"","overlay-gradient":""},"mobile":{"background-color":"var(--ast-global-color-5)","background-image":"","background-repeat":"repeat","background-position":"center center","background-size":"auto","background-attachment":"scroll","background-type":"","background-media":"","overlay-type":"","overlay-color":"","overlay-opacity":"","overlay-gradient":""}}},"product_brand":[],"product_cat":[29,492],"product_tag":[203,119,195,142,206,212,202,220,221,179],"class_list":{"0":"post-992","1":"product","2":"type-product","3":"status-publish","4":"has-post-thumbnail","6":"product_cat-geschenkideen","7":"product_cat-geschenkboxen","8":"product_tag-abschiedsgeschenk","9":"product_tag-deko","10":"product_tag-deko-geschenkideen","11":"product_tag-dekoprodukte","12":"product_tag-einzigartige-abschiedsgeschenk","13":"product_tag-einzigartige-geschenkideen","14":"product_tag-einzigartige-muttertagsgeschenk","15":"product_tag-geschenkbox","16":"product_tag-geschenkbox-mit-seidenblumen","17":"product_tag-geschenkideen","18":"tm-no-options","19":"desktop-align-left","20":"tablet-align-left","21":"mobile-align-left","23":"first","24":"instock","25":"shipping-taxable","26":"purchasable","27":"product-type-variable"},"_links":{"self":[{"href":"https:\/\/bbdekorandmore.at\/hu\/wp-json\/wp\/v2\/product\/992","targetHints":{"allow":["GET"]}}],"collection":[{"href":"https:\/\/bbdekorandmore.at\/hu\/wp-json\/wp\/v2\/product"}],"about":[{"href":"https:\/\/bbdekorandmore.at\/hu\/wp-json\/wp\/v2\/types\/product"}],"replies":[{"embeddable":true,"href":"https:\/\/bbdekorandmore.at\/hu\/wp-json\/wp\/v2\/comments?post=992"}],"wp:featuredmedia":[{"embeddable":true,"href":"https:\/\/bbdekorandmore.at\/hu\/wp-json\/wp\/v2\/media\/999"}],"wp:attachment":[{"href":"https:\/\/bbdekorandmore.at\/hu\/wp-json\/wp\/v2\/media?parent=992"}],"wp:term":[{"taxonomy":"product_brand","embeddable":true,"href":"https:\/\/bbdekorandmore.at\/hu\/wp-json\/wp\/v2\/product_brand?post=992"},{"taxonomy":"product_cat","embeddable":true,"href":"https:\/\/bbdekorandmore.at\/hu\/wp-json\/wp\/v2\/product_cat?post=992"},{"taxonomy":"product_tag","embeddable":true,"href":"https:\/\/bbdekorandmore.at\/hu\/wp-json\/wp\/v2\/product_tag?post=992"}],"curies":[{"name":"wp","href":"https:\/\/api.w.org\/{rel}","templated":true}]}}